{"id":998,"date":"2023-09-27T17:34:08","date_gmt":"2023-09-27T17:34:08","guid":{"rendered":"https:\/\/www.fuertefishing-waterspots.fun\/peche\/"},"modified":"2025-04-27T09:42:48","modified_gmt":"2025-04-27T09:42:48","slug":"peche","status":"publish","type":"page","link":"https:\/\/www.fuertefishing-waterspots.fun\/fr\/peche\/","title":{"rendered":"P\u00caCHE"},"content":{"rendered":"<h2 style=\"text-align: center;\">P\u00caCHE<\/h2>\n<p style=\"text-align: center;\"><em><strong>Nous proposons 3 types de sorties de p\u00eache, afin que vous puissiez choisir celle qui vous convient le mieux. ; Ne vous inqui\u00e9tez pas si vous ne le ma\u00eetrisez pas, notre capitaine exp\u00e9riment\u00e9 vous aidera \u00e0 perfectionner vos techniques et sera \u00e0 votre disposition \u00e0 tout moment.<\/strong><\/em><\/p>\n<h2 style=\"text-align: center;\">P\u00eache en haute mer au marlin\/atun\/wahoo ;<\/h2>\n<p style=\"text-align: center;\"><strong>Dur\u00e9e de la formation : 5 heures ;<\/strong><\/p>\n<p style=\"text-align: center;\"><strong>Y compris:<\/strong><\/p>\n<p style=\"text-align: center;\"><strong>Mat\u00e9riel de p\u00eache<\/strong><\/p>\n<p style=\"text-align: center;\"><strong>Max : 2 personnes<\/strong><\/p>\n<p style=\"text-align: center;\"><strong>PRIX : 400 Euros ;<\/strong><\/p>\n<figure><img decoding=\"async\" class=\"aligncenter\" src=\"https:\/\/www.fuertefishing-waterspots.fun\/wp-content\/uploads\/2023\/09\/foto-pesca-de-altura-3-225x300.jpg\" alt=\"foto pesca de altura 3\" \/><\/figure>\n<h2 style=\"text-align: center;\">p\u00eache c\u00f4ti\u00e8re, p\u00eache de fond et p\u00eache au lancer.<\/h2>\n<p style=\"text-align: center;\"><strong>Dur\u00e9e de la formation : 5 heures ;<\/strong><\/p>\n<p style=\"text-align: center;\"><strong>Y compris:<\/strong><\/p>\n<p style=\"text-align: center;\"><strong>Mat\u00e9riel de p\u00eache<\/strong><\/p>\n<p style=\"text-align: center;\"><strong>Max : 2 personnes<\/strong><\/p>\n<p style=\"text-align: center;\"><strong>PRIX : 300 Euros ;<\/strong><\/p>\n<figure><img decoding=\"async\" class=\"aligncenter\" src=\"https:\/\/www.fuertefishing-waterspots.fun\/wp-content\/uploads\/2023\/09\/pesca-de-fondo-1-268x300.jpg\" alt=\"pesca de fondo 1\" \/><\/figure>\n<h3 style=\"text-align: center;\">Comment r\u00e9server: ;<\/h3>\n<h2 style=\"text-align: center;\">Choisissez votre excursion ;<\/h2>\n<p style=\"text-align: center;\"><img fetchpriority=\"high\" decoding=\"async\" src=\"https:\/\/www.fuertefishing-waterspots.fun\/wp-content\/uploads\/2023\/09\/BRUJULA-300x300.jpg\" sizes=\"(max-width: 300px) 100vw, 300px\" srcset=\"https:\/\/www.fuertefishing-waterspots.fun\/wp-content\/uploads\/2023\/09\/BRUJULA-300x300.jpg 300w, https:\/\/www.fuertefishing-waterspots.fun\/wp-content\/uploads\/2023\/09\/BRUJULA-150x150.jpg 150w, https:\/\/www.fuertefishing-waterspots.fun\/wp-content\/uploads\/2023\/09\/BRUJULA.jpg 360w\" alt=\"\" width=\"300\" height=\"300\" \/><\/p>\n<h2 style=\"text-align: center;\">2. Contactez-nous pour confirmer la disponibilit\u00e9<\/h2>\n<p style=\"text-align: center;\"><img decoding=\"async\" src=\"https:\/\/www.fuertefishing-waterspots.fun\/wp-content\/uploads\/2023\/09\/WHATSAP.jpg\" alt=\"\" width=\"259\" height=\"194\" \/><\/p>\n<h2 style=\"text-align: center;\">D\u00c9P\u00d4T DE 30 % \u00c0 CONFIRMER PAR VIREMENT BANCAIRE<\/h2>\n<p style=\"text-align: center;\"><img decoding=\"async\" src=\"https:\/\/www.fuertefishing-waterspots.fun\/wp-content\/uploads\/2023\/09\/TRANSFERENCIA-BANCARIA.png\" sizes=\"(max-width: 225px) 100vw, 225px\" srcset=\"https:\/\/www.fuertefishing-waterspots.fun\/wp-content\/uploads\/2023\/09\/TRANSFERENCIA-BANCARIA.png 225w, https:\/\/www.fuertefishing-waterspots.fun\/wp-content\/uploads\/2023\/09\/TRANSFERENCIA-BANCARIA-150x150.png 150w\" alt=\"\" width=\"225\" height=\"225\" \/><\/p>\n<p style=\"text-align: center;\"><strong> IBAN ES37 0049 5877 1129 1610 2667.<\/strong><\/p>\n<p style=\"text-align: center;\"><strong>SWIFT:BSCHESMM<\/strong><\/p>\n<p style=\"text-align: center;\">Veuillez indiquer le nom, le pr\u00e9nom et la date de l&rsquo;excursion.<\/p>\n<p style=\"text-align: center;\"><em>Si vous souhaitez annuler une r\u00e9servation<\/em> <strong>DANS LES 72 HEURES, LA SOCI\u00c9T\u00c9<\/strong> NE REMBOURSE PAS LE MONTANT DE LA R\u00c9SERVATION<\/p>\n\n\n\n","protected":false},"excerpt":{"rendered":"<p>P\u00caCHE Nous proposons 3 types de sorties de p\u00eache, afin que vous puissiez choisir celle qui vous convient le mieux. ; Ne vous inqui\u00e9tez pas si vous ne le ma\u00eetrisez pas, notre capitaine exp\u00e9riment\u00e9 vous aidera \u00e0 perfectionner vos techniques et sera \u00e0 votre disposition \u00e0 tout moment. P\u00eache en haute mer au marlin\/atun\/wahoo ; [&hellip;]<\/p>\n","protected":false},"author":1,"featured_media":0,"parent":0,"menu_order":0,"comment_status":"closed","ping_status":"closed","template":"","meta":{"site-sidebar-layout":"no-sidebar","site-content-layout":"page-builder","ast-site-content-layout":"full-width-container","site-content-style":"unboxed","site-sidebar-style":"unboxed","ast-global-header-display":"","ast-banner-title-visibility":"","ast-main-header-display":"","ast-hfb-above-header-display":"","ast-hfb-below-header-display":"","ast-hfb-mobile-header-display":"","site-post-title":"disabled","ast-breadcrumbs-content":"","ast-featured-img":"disabled","footer-sml-layout":"","ast-disable-related-posts":"","theme-transparent-header-meta":"","adv-header-id-meta":"","stick-header-meta":"","header-above-stick-meta":"","header-main-stick-meta":"","header-below-stick-meta":"","astra-migrate-meta-layouts":"set","ast-page-background-enabled":"default","ast-page-background-meta":{"desktop":{"background-color":"","background-image":"","background-repeat":"repeat","background-position":"center center","background-size":"auto","background-attachment":"scroll","background-type":"","background-media":"","overlay-type":"","overlay-color":"","overlay-opacity":"","overlay-gradient":""},"tablet":{"background-color":"","background-image":"","background-repeat":"repeat","background-position":"center center","background-size":"auto","background-attachment":"scroll","background-type":"","background-media":"","overlay-type":"","overlay-color":"","overlay-opacity":"","overlay-gradient":""},"mobile":{"background-color":"","background-image":"","background-repeat":"repeat","background-position":"center center","background-size":"auto","background-attachment":"scroll","background-type":"","background-media":"","overlay-type":"","overlay-color":"","overlay-opacity":"","overlay-gradient":""}},"ast-content-background-meta":{"desktop":{"background-color":"var(--ast-global-color-5)","background-image":"","background-repeat":"repeat","background-position":"center center","background-size":"auto","background-attachment":"scroll","background-type":"","background-media":"","overlay-type":"","overlay-color":"","overlay-opacity":"","overlay-gradient":""},"tablet":{"background-color":"var(--ast-global-color-5)","background-image":"","background-repeat":"repeat","background-position":"center center","background-size":"auto","background-attachment":"scroll","background-type":"","background-media":"","overlay-type":"","overlay-color":"","overlay-opacity":"","overlay-gradient":""},"mobile":{"background-color":"var(--ast-global-color-5)","background-image":"","background-repeat":"repeat","background-position":"center center","background-size":"auto","background-attachment":"scroll","background-type":"","background-media":"","overlay-type":"","overlay-color":"","overlay-opacity":"","overlay-gradient":""}},"footnotes":""},"class_list":["post-998","page","type-page","status-publish","hentry"],"yoast_head":"<!-- This site is optimized with the Yoast SEO plugin v27.5 - https:\/\/yoast.com\/product\/yoast-seo-wordpress\/ -->\n<title>P\u00caCHE - P\u00eache en mer \u00e0 Fuerteventura<\/title>\n<meta name=\"description\" content=\"R\u00e9servez une excursion de p\u00eache sur la magnifique \u00eele de Fuerteventura. Venez nous rejoindre sur notre bateau priv\u00e9, et passez une journ\u00e9e inoubliable avec nous.\" \/>\n<meta name=\"robots\" content=\"index, follow, max-snippet:-1, max-image-preview:large, max-video-preview:-1\" \/>\n<link rel=\"canonical\" href=\"https:\/\/www.fuertefishing-waterspots.fun\/fr\/peche\/\" \/>\n<meta property=\"og:locale\" content=\"fr_FR\" \/>\n<meta property=\"og:type\" content=\"article\" \/>\n<meta property=\"og:title\" content=\"P\u00caCHE - P\u00eache en mer \u00e0 Fuerteventura\" \/>\n<meta property=\"og:description\" content=\"R\u00e9servez une excursion de p\u00eache sur la magnifique \u00eele de Fuerteventura. Venez nous rejoindre sur notre bateau priv\u00e9, et passez une journ\u00e9e inoubliable avec nous.\" \/>\n<meta property=\"og:url\" content=\"https:\/\/www.fuertefishing-waterspots.fun\/fr\/peche\/\" \/>\n<meta property=\"og:site_name\" content=\"P\u00eache en mer \u00e0 Fuerteventura\" \/>\n<meta property=\"article:publisher\" content=\"https:\/\/www.facebook.com\/people\/Kleie-Charters-Fuerteventura\/100077742662516\/?paipv=0&amp;eav=Afa7-IipvT15Q6PCGgnoon9nKaKHgGxv7Kmga6zd\" \/>\n<meta property=\"article:modified_time\" content=\"2025-04-27T09:42:48+00:00\" \/>\n<meta property=\"og:image\" content=\"https:\/\/www.fuertefishing-waterspots.fun\/wp-content\/uploads\/2023\/09\/foto-pesca-de-altura-3-225x300.jpg\" \/>\n<meta name=\"twitter:card\" content=\"summary_large_image\" \/>\n<meta name=\"twitter:label1\" content=\"Dur\u00e9e de lecture estim\u00e9e\" \/>\n\t<meta name=\"twitter:data1\" content=\"2 minutes\" \/>\n<script type=\"application\/ld+json\" class=\"yoast-schema-graph\">{\"@context\":\"https:\\\/\\\/schema.org\",\"@graph\":[{\"@type\":\"WebPage\",\"@id\":\"https:\\\/\\\/www.fuertefishing-waterspots.fun\\\/fr\\\/peche\\\/\",\"url\":\"https:\\\/\\\/www.fuertefishing-waterspots.fun\\\/fr\\\/peche\\\/\",\"name\":\"P\u00caCHE - P\u00eache en mer \u00e0 Fuerteventura\",\"isPartOf\":{\"@id\":\"https:\\\/\\\/www.fuertefishing-waterspots.fun\\\/fr\\\/#website\"},\"primaryImageOfPage\":{\"@id\":\"https:\\\/\\\/www.fuertefishing-waterspots.fun\\\/fr\\\/peche\\\/#primaryimage\"},\"image\":{\"@id\":\"https:\\\/\\\/www.fuertefishing-waterspots.fun\\\/fr\\\/peche\\\/#primaryimage\"},\"thumbnailUrl\":\"https:\\\/\\\/www.fuertefishing-waterspots.fun\\\/wp-content\\\/uploads\\\/2023\\\/09\\\/foto-pesca-de-altura-3-225x300.jpg\",\"datePublished\":\"2023-09-27T17:34:08+00:00\",\"dateModified\":\"2025-04-27T09:42:48+00:00\",\"description\":\"R\u00e9servez une excursion de p\u00eache sur la magnifique \u00eele de Fuerteventura. Venez nous rejoindre sur notre bateau priv\u00e9, et passez une journ\u00e9e inoubliable avec nous.\",\"breadcrumb\":{\"@id\":\"https:\\\/\\\/www.fuertefishing-waterspots.fun\\\/fr\\\/peche\\\/#breadcrumb\"},\"inLanguage\":\"fr-FR\",\"potentialAction\":[{\"@type\":\"ReadAction\",\"target\":[\"https:\\\/\\\/www.fuertefishing-waterspots.fun\\\/fr\\\/peche\\\/\"]}]},{\"@type\":\"ImageObject\",\"inLanguage\":\"fr-FR\",\"@id\":\"https:\\\/\\\/www.fuertefishing-waterspots.fun\\\/fr\\\/peche\\\/#primaryimage\",\"url\":\"https:\\\/\\\/www.fuertefishing-waterspots.fun\\\/wp-content\\\/uploads\\\/2023\\\/09\\\/foto-pesca-de-altura-3-225x300.jpg\",\"contentUrl\":\"https:\\\/\\\/www.fuertefishing-waterspots.fun\\\/wp-content\\\/uploads\\\/2023\\\/09\\\/foto-pesca-de-altura-3-225x300.jpg\"},{\"@type\":\"BreadcrumbList\",\"@id\":\"https:\\\/\\\/www.fuertefishing-waterspots.fun\\\/fr\\\/peche\\\/#breadcrumb\",\"itemListElement\":[{\"@type\":\"ListItem\",\"position\":1,\"name\":\"Portada\",\"item\":\"https:\\\/\\\/www.fuertefishing-waterspots.fun\\\/fr\\\/\"},{\"@type\":\"ListItem\",\"position\":2,\"name\":\"P\u00caCHE\"}]},{\"@type\":\"WebSite\",\"@id\":\"https:\\\/\\\/www.fuertefishing-waterspots.fun\\\/fr\\\/#website\",\"url\":\"https:\\\/\\\/www.fuertefishing-waterspots.fun\\\/fr\\\/\",\"name\":\"Outdoor Adventure\",\"description\":\"Excursions de p\u00eache priv\u00e9es avec capitaine local\",\"publisher\":{\"@id\":\"https:\\\/\\\/www.fuertefishing-waterspots.fun\\\/fr\\\/#organization\"},\"potentialAction\":[{\"@type\":\"SearchAction\",\"target\":{\"@type\":\"EntryPoint\",\"urlTemplate\":\"https:\\\/\\\/www.fuertefishing-waterspots.fun\\\/fr\\\/?s={search_term_string}\"},\"query-input\":{\"@type\":\"PropertyValueSpecification\",\"valueRequired\":true,\"valueName\":\"search_term_string\"}}],\"inLanguage\":\"fr-FR\"},{\"@type\":\"Organization\",\"@id\":\"https:\\\/\\\/www.fuertefishing-waterspots.fun\\\/fr\\\/#organization\",\"name\":\"Outdoor Adventure\",\"url\":\"https:\\\/\\\/www.fuertefishing-waterspots.fun\\\/fr\\\/\",\"logo\":{\"@type\":\"ImageObject\",\"inLanguage\":\"fr-FR\",\"@id\":\"https:\\\/\\\/www.fuertefishing-waterspots.fun\\\/fr\\\/#\\\/schema\\\/logo\\\/image\\\/\",\"url\":\"https:\\\/\\\/www.fuertefishing-waterspots.fun\\\/wp-content\\\/uploads\\\/2023\\\/07\\\/cropped-cropped-WhatsApp-Image-2023-07-18-at-08.22.23-1.jpeg\",\"contentUrl\":\"https:\\\/\\\/www.fuertefishing-waterspots.fun\\\/wp-content\\\/uploads\\\/2023\\\/07\\\/cropped-cropped-WhatsApp-Image-2023-07-18-at-08.22.23-1.jpeg\",\"width\":306,\"height\":228,\"caption\":\"Outdoor Adventure\"},\"image\":{\"@id\":\"https:\\\/\\\/www.fuertefishing-waterspots.fun\\\/fr\\\/#\\\/schema\\\/logo\\\/image\\\/\"},\"sameAs\":[\"https:\\\/\\\/www.facebook.com\\\/people\\\/Kleie-Charters-Fuerteventura\\\/100077742662516\\\/?paipv=0&eav=Afa7-IipvT15Q6PCGgnoon9nKaKHgGxv7Kmga6zd\",\"https:\\\/\\\/www.instagram.com\\\/p\\\/CiD4p0yKtPj\\\/\"]}]}<\/script>\n<!-- \/ Yoast SEO plugin. -->","yoast_head_json":{"title":"P\u00caCHE - P\u00eache en mer \u00e0 Fuerteventura","description":"R\u00e9servez une excursion de p\u00eache sur la magnifique \u00eele de Fuerteventura. Venez nous rejoindre sur notre bateau priv\u00e9, et passez une journ\u00e9e inoubliable avec nous.","robots":{"index":"index","follow":"follow","max-snippet":"max-snippet:-1","max-image-preview":"max-image-preview:large","max-video-preview":"max-video-preview:-1"},"canonical":"https:\/\/www.fuertefishing-waterspots.fun\/fr\/peche\/","og_locale":"fr_FR","og_type":"article","og_title":"P\u00caCHE - P\u00eache en mer \u00e0 Fuerteventura","og_description":"R\u00e9servez une excursion de p\u00eache sur la magnifique \u00eele de Fuerteventura. Venez nous rejoindre sur notre bateau priv\u00e9, et passez une journ\u00e9e inoubliable avec nous.","og_url":"https:\/\/www.fuertefishing-waterspots.fun\/fr\/peche\/","og_site_name":"P\u00eache en mer \u00e0 Fuerteventura","article_publisher":"https:\/\/www.facebook.com\/people\/Kleie-Charters-Fuerteventura\/100077742662516\/?paipv=0&eav=Afa7-IipvT15Q6PCGgnoon9nKaKHgGxv7Kmga6zd","article_modified_time":"2025-04-27T09:42:48+00:00","og_image":[{"url":"https:\/\/www.fuertefishing-waterspots.fun\/wp-content\/uploads\/2023\/09\/foto-pesca-de-altura-3-225x300.jpg","type":"","width":"","height":""}],"twitter_card":"summary_large_image","twitter_misc":{"Dur\u00e9e de lecture estim\u00e9e":"2 minutes"},"schema":{"@context":"https:\/\/schema.org","@graph":[{"@type":"WebPage","@id":"https:\/\/www.fuertefishing-waterspots.fun\/fr\/peche\/","url":"https:\/\/www.fuertefishing-waterspots.fun\/fr\/peche\/","name":"P\u00caCHE - P\u00eache en mer \u00e0 Fuerteventura","isPartOf":{"@id":"https:\/\/www.fuertefishing-waterspots.fun\/fr\/#website"},"primaryImageOfPage":{"@id":"https:\/\/www.fuertefishing-waterspots.fun\/fr\/peche\/#primaryimage"},"image":{"@id":"https:\/\/www.fuertefishing-waterspots.fun\/fr\/peche\/#primaryimage"},"thumbnailUrl":"https:\/\/www.fuertefishing-waterspots.fun\/wp-content\/uploads\/2023\/09\/foto-pesca-de-altura-3-225x300.jpg","datePublished":"2023-09-27T17:34:08+00:00","dateModified":"2025-04-27T09:42:48+00:00","description":"R\u00e9servez une excursion de p\u00eache sur la magnifique \u00eele de Fuerteventura. Venez nous rejoindre sur notre bateau priv\u00e9, et passez une journ\u00e9e inoubliable avec nous.","breadcrumb":{"@id":"https:\/\/www.fuertefishing-waterspots.fun\/fr\/peche\/#breadcrumb"},"inLanguage":"fr-FR","potentialAction":[{"@type":"ReadAction","target":["https:\/\/www.fuertefishing-waterspots.fun\/fr\/peche\/"]}]},{"@type":"ImageObject","inLanguage":"fr-FR","@id":"https:\/\/www.fuertefishing-waterspots.fun\/fr\/peche\/#primaryimage","url":"https:\/\/www.fuertefishing-waterspots.fun\/wp-content\/uploads\/2023\/09\/foto-pesca-de-altura-3-225x300.jpg","contentUrl":"https:\/\/www.fuertefishing-waterspots.fun\/wp-content\/uploads\/2023\/09\/foto-pesca-de-altura-3-225x300.jpg"},{"@type":"BreadcrumbList","@id":"https:\/\/www.fuertefishing-waterspots.fun\/fr\/peche\/#breadcrumb","itemListElement":[{"@type":"ListItem","position":1,"name":"Portada","item":"https:\/\/www.fuertefishing-waterspots.fun\/fr\/"},{"@type":"ListItem","position":2,"name":"P\u00caCHE"}]},{"@type":"WebSite","@id":"https:\/\/www.fuertefishing-waterspots.fun\/fr\/#website","url":"https:\/\/www.fuertefishing-waterspots.fun\/fr\/","name":"Outdoor Adventure","description":"Excursions de p\u00eache priv\u00e9es avec capitaine local","publisher":{"@id":"https:\/\/www.fuertefishing-waterspots.fun\/fr\/#organization"},"potentialAction":[{"@type":"SearchAction","target":{"@type":"EntryPoint","urlTemplate":"https:\/\/www.fuertefishing-waterspots.fun\/fr\/?s={search_term_string}"},"query-input":{"@type":"PropertyValueSpecification","valueRequired":true,"valueName":"search_term_string"}}],"inLanguage":"fr-FR"},{"@type":"Organization","@id":"https:\/\/www.fuertefishing-waterspots.fun\/fr\/#organization","name":"Outdoor Adventure","url":"https:\/\/www.fuertefishing-waterspots.fun\/fr\/","logo":{"@type":"ImageObject","inLanguage":"fr-FR","@id":"https:\/\/www.fuertefishing-waterspots.fun\/fr\/#\/schema\/logo\/image\/","url":"https:\/\/www.fuertefishing-waterspots.fun\/wp-content\/uploads\/2023\/07\/cropped-cropped-WhatsApp-Image-2023-07-18-at-08.22.23-1.jpeg","contentUrl":"https:\/\/www.fuertefishing-waterspots.fun\/wp-content\/uploads\/2023\/07\/cropped-cropped-WhatsApp-Image-2023-07-18-at-08.22.23-1.jpeg","width":306,"height":228,"caption":"Outdoor Adventure"},"image":{"@id":"https:\/\/www.fuertefishing-waterspots.fun\/fr\/#\/schema\/logo\/image\/"},"sameAs":["https:\/\/www.facebook.com\/people\/Kleie-Charters-Fuerteventura\/100077742662516\/?paipv=0&eav=Afa7-IipvT15Q6PCGgnoon9nKaKHgGxv7Kmga6zd","https:\/\/www.instagram.com\/p\/CiD4p0yKtPj\/"]}]}},"_links":{"self":[{"href":"https:\/\/www.fuertefishing-waterspots.fun\/fr\/wp-json\/wp\/v2\/pages\/998","targetHints":{"allow":["GET"]}}],"collection":[{"href":"https:\/\/www.fuertefishing-waterspots.fun\/fr\/wp-json\/wp\/v2\/pages"}],"about":[{"href":"https:\/\/www.fuertefishing-waterspots.fun\/fr\/wp-json\/wp\/v2\/types\/page"}],"author":[{"embeddable":true,"href":"https:\/\/www.fuertefishing-waterspots.fun\/fr\/wp-json\/wp\/v2\/users\/1"}],"replies":[{"embeddable":true,"href":"https:\/\/www.fuertefishing-waterspots.fun\/fr\/wp-json\/wp\/v2\/comments?post=998"}],"version-history":[{"count":4,"href":"https:\/\/www.fuertefishing-waterspots.fun\/fr\/wp-json\/wp\/v2\/pages\/998\/revisions"}],"predecessor-version":[{"id":1202,"href":"https:\/\/www.fuertefishing-waterspots.fun\/fr\/wp-json\/wp\/v2\/pages\/998\/revisions\/1202"}],"wp:attachment":[{"href":"https:\/\/www.fuertefishing-waterspots.fun\/fr\/wp-json\/wp\/v2\/media?parent=998"}],"curies":[{"name":"wp","href":"https:\/\/api.w.org\/{rel}","templated":true}]}}