{"id":1028,"date":"2023-11-16T08:52:07","date_gmt":"2023-11-16T08:52:07","guid":{"rendered":"https:\/\/www.fuertefishing-waterspots.fun\/galerie\/"},"modified":"2023-11-16T20:28:14","modified_gmt":"2023-11-16T20:28:14","slug":"galerie","status":"publish","type":"page","link":"https:\/\/www.fuertefishing-waterspots.fun\/fr\/galerie\/","title":{"rendered":"Galerie"},"content":{"rendered":"<h2>Galerie de photos<\/h2>\n<p>\t\t\t\t\t\t\t\t\t\t\t\t\t\t\t<img loading=\"lazy\" decoding=\"async\" width=\"268\" height=\"188\" src=\"https:\/\/www.fuertefishing-waterspots.fun\/wp-content\/uploads\/2023\/11\/fotografo.jpg\" alt=\"\" loading=\"lazy\" \/>\t\t\t\t\t\t\t\t\t\t\t\t\t\t\t<\/p>\n<h2>P\u00eache<\/h2>\n<p>\t\t\t\t\t\t\t\t<a data-elementor-open-lightbox=\"yes\" data-elementor-lightbox-slideshow=\"5459347\" data-elementor-lightbox-title=\"pesca de fondo 2\" data-e-action-hash=\"#elementor-action%3Aaction%3Dlightbox%26settings%3DeyJpZCI6OTQ3LCJ1cmwiOiJodHRwczpcL1wvd3d3LmZ1ZXJ0ZWZpc2hpbmctd2F0ZXJzcG90cy5mdW5cL3dwLWNvbnRlbnRcL3VwbG9hZHNcLzIwMjNcLzA5XC9wZXNjYS1kZS1mb25kby0yLmpwZyIsInNsaWRlc2hvdyI6IjU0NTkzNDcifQ%3D%3D\" href=\"https:\/\/www.fuertefishing-waterspots.fun\/wp-content\/uploads\/2023\/09\/pesca-de-fondo-2.jpg\"><\/p>\n<figure><img decoding=\"async\" src=\"https:\/\/www.fuertefishing-waterspots.fun\/wp-content\/uploads\/2023\/09\/pesca-de-fondo-2-300x225.jpg\" alt=\"pesca de fondo 2\" \/><\/figure>\n<p><\/a><a data-elementor-open-lightbox=\"yes\" data-elementor-lightbox-slideshow=\"5459347\" data-elementor-lightbox-title=\"pesca de fondo 1\" data-e-action-hash=\"#elementor-action%3Aaction%3Dlightbox%26settings%3DeyJpZCI6OTQzLCJ1cmwiOiJodHRwczpcL1wvd3d3LmZ1ZXJ0ZWZpc2hpbmctd2F0ZXJzcG90cy5mdW5cL3dwLWNvbnRlbnRcL3VwbG9hZHNcLzIwMjNcLzA5XC9wZXNjYS1kZS1mb25kby0xLmpwZyIsInNsaWRlc2hvdyI6IjU0NTkzNDcifQ%3D%3D\" href=\"https:\/\/www.fuertefishing-waterspots.fun\/wp-content\/uploads\/2023\/09\/pesca-de-fondo-1.jpg\"><\/p>\n<figure><img decoding=\"async\" src=\"https:\/\/www.fuertefishing-waterspots.fun\/wp-content\/uploads\/2023\/09\/pesca-de-fondo-1-268x300.jpg\" alt=\"pesca de fondo 1\" \/><\/figure>\n<p><\/a><a data-elementor-open-lightbox=\"yes\" data-elementor-lightbox-slideshow=\"5459347\" data-elementor-lightbox-title=\"foto pesca de altura 2\" data-e-action-hash=\"#elementor-action%3Aaction%3Dlightbox%26settings%3DeyJpZCI6OTM2LCJ1cmwiOiJodHRwczpcL1wvd3d3LmZ1ZXJ0ZWZpc2hpbmctd2F0ZXJzcG90cy5mdW5cL3dwLWNvbnRlbnRcL3VwbG9hZHNcLzIwMjNcLzA5XC9mb3RvLXBlc2NhLWRlLWFsdHVyYS0yLmpwZyIsInNsaWRlc2hvdyI6IjU0NTkzNDcifQ%3D%3D\" href=\"https:\/\/www.fuertefishing-waterspots.fun\/wp-content\/uploads\/2023\/09\/foto-pesca-de-altura-2.jpg\"><\/p>\n<figure><img decoding=\"async\" src=\"https:\/\/www.fuertefishing-waterspots.fun\/wp-content\/uploads\/2023\/09\/foto-pesca-de-altura-2-300x225.jpg\" alt=\"foto pesca de altura 2\" \/><\/figure>\n<p><\/a><a data-elementor-open-lightbox=\"yes\" data-elementor-lightbox-slideshow=\"5459347\" data-elementor-lightbox-title=\"foto pesca de altura\" data-e-action-hash=\"#elementor-action%3Aaction%3Dlightbox%26settings%3DeyJpZCI6OTMyLCJ1cmwiOiJodHRwczpcL1wvd3d3LmZ1ZXJ0ZWZpc2hpbmctd2F0ZXJzcG90cy5mdW5cL3dwLWNvbnRlbnRcL3VwbG9hZHNcLzIwMjNcLzA5XC9mb3RvLXBlc2NhLWRlLWFsdHVyYS5qcGciLCJzbGlkZXNob3ciOiI1NDU5MzQ3In0%3D\" href=\"https:\/\/www.fuertefishing-waterspots.fun\/wp-content\/uploads\/2023\/09\/foto-pesca-de-altura.jpg\"><\/p>\n<figure><img decoding=\"async\" src=\"https:\/\/www.fuertefishing-waterspots.fun\/wp-content\/uploads\/2023\/09\/foto-pesca-de-altura-300x225.jpg\" alt=\"foto pesca de altura\" \/><\/figure>\n<p><\/a><a data-elementor-open-lightbox=\"yes\" data-elementor-lightbox-slideshow=\"5459347\" data-elementor-lightbox-title=\"foto pesca de altura 3\" data-e-action-hash=\"#elementor-action%3Aaction%3Dlightbox%26settings%3DeyJpZCI6OTI4LCJ1cmwiOiJodHRwczpcL1wvd3d3LmZ1ZXJ0ZWZpc2hpbmctd2F0ZXJzcG90cy5mdW5cL3dwLWNvbnRlbnRcL3VwbG9hZHNcLzIwMjNcLzA5XC9mb3RvLXBlc2NhLWRlLWFsdHVyYS0zLmpwZyIsInNsaWRlc2hvdyI6IjU0NTkzNDcifQ%3D%3D\" href=\"https:\/\/www.fuertefishing-waterspots.fun\/wp-content\/uploads\/2023\/09\/foto-pesca-de-altura-3.jpg\"><\/p>\n<figure><img decoding=\"async\" src=\"https:\/\/www.fuertefishing-waterspots.fun\/wp-content\/uploads\/2023\/09\/foto-pesca-de-altura-3-225x300.jpg\" alt=\"foto pesca de altura 3\" \/><\/figure>\n<p><\/a><a data-elementor-open-lightbox=\"yes\" data-elementor-lightbox-slideshow=\"5459347\" data-elementor-lightbox-title=\"FISHING ACTIVITIES\" data-e-action-hash=\"#elementor-action%3Aaction%3Dlightbox%26settings%3DeyJpZCI6OTI0LCJ1cmwiOiJodHRwczpcL1wvd3d3LmZ1ZXJ0ZWZpc2hpbmctd2F0ZXJzcG90cy5mdW5cL3dwLWNvbnRlbnRcL3VwbG9hZHNcLzIwMjNcLzA5XC9XaGF0c0FwcC1JbWFnZS0yMDIzLTA5LTI3LWF0LTAwLjUzLjQ5LmpwZWciLCJzbGlkZXNob3ciOiI1NDU5MzQ3In0%3D\" href=\"https:\/\/www.fuertefishing-waterspots.fun\/wp-content\/uploads\/2023\/09\/WhatsApp-Image-2023-09-27-at-00.53.49.jpeg\"><\/p>\n<figure><img decoding=\"async\" src=\"https:\/\/www.fuertefishing-waterspots.fun\/wp-content\/uploads\/2023\/09\/WhatsApp-Image-2023-09-27-at-00.53.49-300x230.jpeg\" alt=\"COME FOR A FISH TRIP\" \/><\/figure>\n<p><\/a><a data-elementor-open-lightbox=\"yes\" data-elementor-lightbox-slideshow=\"5459347\" data-elementor-lightbox-title=\"Excursions Fishing\" data-e-action-hash=\"#elementor-action%3Aaction%3Dlightbox%26settings%3DeyJpZCI6NjcxLCJ1cmwiOiJodHRwczpcL1wvd3d3LmZ1ZXJ0ZWZpc2hpbmctd2F0ZXJzcG90cy5mdW5cL3dwLWNvbnRlbnRcL3VwbG9hZHNcLzIwMjNcLzA3XC9wZXNjYWRvci0zLmpwZyIsInNsaWRlc2hvdyI6IjU0NTkzNDcifQ%3D%3D\" href=\"https:\/\/www.fuertefishing-waterspots.fun\/wp-content\/uploads\/2023\/07\/pescador-3.jpg\"><\/p>\n<figure><img decoding=\"async\" src=\"https:\/\/www.fuertefishing-waterspots.fun\/wp-content\/uploads\/2023\/07\/pescador-3-226x300.jpg\" alt=\"Excursiones de pesca\" \/><\/figure>\n<p><\/a><a data-elementor-open-lightbox=\"yes\" data-elementor-lightbox-slideshow=\"5459347\" data-elementor-lightbox-title=\"foto 1\" data-e-action-hash=\"#elementor-action%3Aaction%3Dlightbox%26settings%3DeyJpZCI6MTAzMCwidXJsIjoiaHR0cHM6XC9cL3d3dy5mdWVydGVmaXNoaW5nLXdhdGVyc3BvdHMuZnVuXC93cC1jb250ZW50XC91cGxvYWRzXC8yMDIzXC8xMVwvZm90by0xLmpwZyIsInNsaWRlc2hvdyI6IjU0NTkzNDcifQ%3D%3D\" href=\"https:\/\/www.fuertefishing-waterspots.fun\/wp-content\/uploads\/2023\/11\/foto-1.jpg\"><\/p>\n<figure><img decoding=\"async\" src=\"https:\/\/www.fuertefishing-waterspots.fun\/wp-content\/uploads\/2023\/11\/foto-1-300x225.jpg\" alt=\"foto 1\" \/><\/figure>\n<p><\/a><a data-elementor-open-lightbox=\"yes\" data-elementor-lightbox-slideshow=\"5459347\" data-elementor-lightbox-title=\"foto2\" data-e-action-hash=\"#elementor-action%3Aaction%3Dlightbox%26settings%3DeyJpZCI6MTAzNCwidXJsIjoiaHR0cHM6XC9cL3d3dy5mdWVydGVmaXNoaW5nLXdhdGVyc3BvdHMuZnVuXC93cC1jb250ZW50XC91cGxvYWRzXC8yMDIzXC8xMVwvZm90bzIuanBnIiwic2xpZGVzaG93IjoiNTQ1OTM0NyJ9\" href=\"https:\/\/www.fuertefishing-waterspots.fun\/wp-content\/uploads\/2023\/11\/foto2.jpg\"><\/p>\n<figure><img decoding=\"async\" src=\"https:\/\/www.fuertefishing-waterspots.fun\/wp-content\/uploads\/2023\/11\/foto2-300x244.jpg\" alt=\"foto2\" \/><\/figure>\n<p><\/a><a data-elementor-open-lightbox=\"yes\" data-elementor-lightbox-slideshow=\"5459347\" data-elementor-lightbox-title=\"foto3\" data-e-action-hash=\"#elementor-action%3Aaction%3Dlightbox%26settings%3DeyJpZCI6MTAzOCwidXJsIjoiaHR0cHM6XC9cL3d3dy5mdWVydGVmaXNoaW5nLXdhdGVyc3BvdHMuZnVuXC93cC1jb250ZW50XC91cGxvYWRzXC8yMDIzXC8xMVwvZm90bzMuanBnIiwic2xpZGVzaG93IjoiNTQ1OTM0NyJ9\" href=\"https:\/\/www.fuertefishing-waterspots.fun\/wp-content\/uploads\/2023\/11\/foto3.jpg\"><\/p>\n<figure><img decoding=\"async\" src=\"https:\/\/www.fuertefishing-waterspots.fun\/wp-content\/uploads\/2023\/11\/foto3-300x225.jpg\" alt=\"foto3\" \/><\/figure>\n<p><\/a>\t\t\t<\/p>\n<h2>Sports nautiques<\/h2>\n<figure><img decoding=\"async\" src=\"https:\/\/www.fuertefishing-waterspots.fun\/wp-content\/uploads\/2023\/07\/WhatsApp-Image-2023-07-21-at-17.42.15-300x283.jpeg\" alt=\"excursion con puesta de sol\" \/><\/figure>\n<figure><img decoding=\"async\" src=\"https:\/\/www.fuertefishing-waterspots.fun\/wp-content\/uploads\/2023\/07\/phoca_thumb_l_dscf2156-300x225.jpg\" alt=\"vamonos de snorkel\" \/><\/figure>\n<figure><img decoding=\"async\" src=\"https:\/\/www.fuertefishing-waterspots.fun\/wp-content\/uploads\/2023\/07\/32-295x300.jpg\" alt=\"32\" \/><\/figure>\n<figure><img decoding=\"async\" src=\"https:\/\/www.fuertefishing-waterspots.fun\/wp-content\/uploads\/2023\/07\/77-226x300.jpg\" alt=\"paddle surf incluido\" \/><\/figure>\n<figure><img decoding=\"async\" src=\"https:\/\/www.fuertefishing-waterspots.fun\/wp-content\/uploads\/2023\/07\/22-300x300.jpg\" alt=\"excursion de paddle surf y kayak\" \/><\/figure>\n<figure><img decoding=\"async\" src=\"https:\/\/www.fuertefishing-waterspots.fun\/wp-content\/uploads\/2023\/07\/4-225x300.jpg\" alt=\"paddle surk o kayak\" \/><\/figure>\n<figure><img decoding=\"async\" src=\"https:\/\/www.fuertefishing-waterspots.fun\/wp-content\/uploads\/2023\/07\/3-300x225.jpg\" alt=\"decsanso en la bahia\" \/><\/figure>\n<figure><img decoding=\"async\" src=\"https:\/\/www.fuertefishing-waterspots.fun\/wp-content\/uploads\/2023\/07\/2-300x225.jpg\" alt=\"las chicas en excursion de kayak\" \/><\/figure>\n<h2>chill et amis<\/h2>\n<p>\t\t\t\t\t\t\t\t<a data-elementor-open-lightbox=\"yes\" data-elementor-lightbox-slideshow=\"2f3e044\" data-elementor-lightbox-title=\"excursion con amigas\" data-e-action-hash=\"#elementor-action%3Aaction%3Dlightbox%26settings%3DeyJpZCI6NTkxLCJ1cmwiOiJodHRwczpcL1wvd3d3LmZ1ZXJ0ZWZpc2hpbmctd2F0ZXJzcG90cy5mdW5cL3dwLWNvbnRlbnRcL3VwbG9hZHNcLzIwMjNcLzA3XC80MC5qcGciLCJzbGlkZXNob3ciOiIyZjNlMDQ0In0%3D\" href=\"https:\/\/www.fuertefishing-waterspots.fun\/wp-content\/uploads\/2023\/07\/40.jpg\"><\/p>\n<figure><img decoding=\"async\" src=\"https:\/\/www.fuertefishing-waterspots.fun\/wp-content\/uploads\/2023\/07\/40-300x244.jpg\" alt=\"friend excursion\" \/><\/figure>\n<p><\/a><a data-elementor-open-lightbox=\"yes\" data-elementor-lightbox-slideshow=\"2f3e044\" data-elementor-lightbox-title=\"jacomar- south route\" data-e-action-hash=\"#elementor-action%3Aaction%3Dlightbox%26settings%3DeyJpZCI6NTg3LCJ1cmwiOiJodHRwczpcL1wvd3d3LmZ1ZXJ0ZWZpc2hpbmctd2F0ZXJzcG90cy5mdW5cL3dwLWNvbnRlbnRcL3VwbG9hZHNcLzIwMjNcLzA3XC8yNS0xLmpwZyIsInNsaWRlc2hvdyI6IjJmM2UwNDQifQ%3D%3D\" href=\"https:\/\/www.fuertefishing-waterspots.fun\/wp-content\/uploads\/2023\/07\/25-1.jpg\"><\/p>\n<figure><img decoding=\"async\" src=\"https:\/\/www.fuertefishing-waterspots.fun\/wp-content\/uploads\/2023\/07\/25-1-300x221.jpg\" alt=\"jacomar-south route\" \/><\/figure>\n<p><\/a><a data-elementor-open-lightbox=\"yes\" data-elementor-lightbox-slideshow=\"2f3e044\" data-elementor-lightbox-title=\"our boat\" data-e-action-hash=\"#elementor-action%3Aaction%3Dlightbox%26settings%3DeyJpZCI6NTcyLCJ1cmwiOiJodHRwczpcL1wvd3d3LmZ1ZXJ0ZWZpc2hpbmctd2F0ZXJzcG90cy5mdW5cL3dwLWNvbnRlbnRcL3VwbG9hZHNcLzIwMjNcLzA3XC84LmpwZyIsInNsaWRlc2hvdyI6IjJmM2UwNDQifQ%3D%3D\" href=\"https:\/\/www.fuertefishing-waterspots.fun\/wp-content\/uploads\/2023\/07\/8.jpg\"><\/p>\n<figure><img decoding=\"async\" src=\"https:\/\/www.fuertefishing-waterspots.fun\/wp-content\/uploads\/2023\/07\/8-300x300.jpg\" alt=\"nuestro barco\" \/><\/figure>\n<p><\/a><a data-elementor-open-lightbox=\"yes\" data-elementor-lightbox-slideshow=\"2f3e044\" data-elementor-lightbox-title=\"excursion despedida de solter\" data-e-action-hash=\"#elementor-action%3Aaction%3Dlightbox%26settings%3DeyJpZCI6NTc0LCJ1cmwiOiJodHRwczpcL1wvd3d3LmZ1ZXJ0ZWZpc2hpbmctd2F0ZXJzcG90cy5mdW5cL3dwLWNvbnRlbnRcL3VwbG9hZHNcLzIwMjNcLzA3XC8xMS5qcGciLCJzbGlkZXNob3ciOiIyZjNlMDQ0In0%3D\" href=\"https:\/\/www.fuertefishing-waterspots.fun\/wp-content\/uploads\/2023\/07\/11.jpg\"><\/p>\n<figure><img decoding=\"async\" src=\"https:\/\/www.fuertefishing-waterspots.fun\/wp-content\/uploads\/2023\/07\/11-226x300.jpg\" alt=\"girls at boat trip\" \/><\/figure>\n<p><\/a><a data-elementor-open-lightbox=\"yes\" data-elementor-lightbox-slideshow=\"2f3e044\" data-elementor-lightbox-title=\"Family day boat trip\" data-e-action-hash=\"#elementor-action%3Aaction%3Dlightbox%26settings%3DeyJpZCI6NTcxLCJ1cmwiOiJodHRwczpcL1wvd3d3LmZ1ZXJ0ZWZpc2hpbmctd2F0ZXJzcG90cy5mdW5cL3dwLWNvbnRlbnRcL3VwbG9hZHNcLzIwMjNcLzA3XC82LmpwZyIsInNsaWRlc2hvdyI6IjJmM2UwNDQifQ%3D%3D\" href=\"https:\/\/www.fuertefishing-waterspots.fun\/wp-content\/uploads\/2023\/07\/6.jpg\"><\/p>\n<figure><img decoding=\"async\" src=\"https:\/\/www.fuertefishing-waterspots.fun\/wp-content\/uploads\/2023\/07\/6-300x225.jpg\" alt=\"excursion en barco en familia\" \/><\/figure>\n<p><\/a><a data-elementor-open-lightbox=\"yes\" data-elementor-lightbox-slideshow=\"2f3e044\" data-elementor-lightbox-title=\"1bdac230-5600-441c-8301-7e940d3fbfa7\" data-e-action-hash=\"#elementor-action%3Aaction%3Dlightbox%26settings%3DeyJpZCI6NTY3LCJ1cmwiOiJodHRwczpcL1wvd3d3LmZ1ZXJ0ZWZpc2hpbmctd2F0ZXJzcG90cy5mdW5cL3dwLWNvbnRlbnRcL3VwbG9hZHNcLzIwMjNcLzA3XC8xYmRhYzIzMC01NjAwLTQ0MWMtODMwMS03ZTk0MGQzZmJmYTcuanBnIiwic2xpZGVzaG93IjoiMmYzZTA0NCJ9\" href=\"https:\/\/www.fuertefishing-waterspots.fun\/wp-content\/uploads\/2023\/07\/1bdac230-5600-441c-8301-7e940d3fbfa7.jpg\"><\/p>\n<figure><img decoding=\"async\" src=\"https:\/\/www.fuertefishing-waterspots.fun\/wp-content\/uploads\/2023\/07\/1bdac230-5600-441c-8301-7e940d3fbfa7-300x134.jpg\" alt=\"1bdac230-5600-441c-8301-7e940d3fbfa7\" \/><\/figure>\n<p><\/a><a data-elementor-open-lightbox=\"yes\" data-elementor-lightbox-slideshow=\"2f3e044\" data-elementor-lightbox-title=\"Friends boat excursion\" data-e-action-hash=\"#elementor-action%3Aaction%3Dlightbox%26settings%3DeyJpZCI6NTY2LCJ1cmwiOiJodHRwczpcL1wvd3d3LmZ1ZXJ0ZWZpc2hpbmctd2F0ZXJzcG90cy5mdW5cL3dwLWNvbnRlbnRcL3VwbG9hZHNcLzIwMjNcLzA3XC8xLmpwZyIsInNsaWRlc2hvdyI6IjJmM2UwNDQifQ%3D%3D\" href=\"https:\/\/www.fuertefishing-waterspots.fun\/wp-content\/uploads\/2023\/07\/1.jpg\"><\/p>\n<figure><img decoding=\"async\" src=\"https:\/\/www.fuertefishing-waterspots.fun\/wp-content\/uploads\/2023\/07\/1-300x225.jpg\" alt=\"excursion en barco con los amigos\" \/><\/figure>\n<p><\/a><\/p>\n","protected":false},"excerpt":{"rendered":"<p>Galerie de photos P\u00eache Sports nautiques chill et amis<\/p>\n","protected":false},"author":1,"featured_media":0,"parent":0,"menu_order":0,"comment_status":"closed","ping_status":"closed","template":"","meta":{"site-sidebar-layout":"no-sidebar","site-content-layout":"page-builder","ast-site-content-layout":"full-width-container","site-content-style":"default","site-sidebar-style":"default","ast-global-header-display":"","ast-banner-title-visibility":"","ast-main-header-display":"","ast-hfb-above-header-display":"","ast-hfb-below-header-display":"","ast-hfb-mobile-header-display":"","site-post-title":"disabled","ast-breadcrumbs-content":"","ast-featured-img":"disabled","footer-sml-layout":"","ast-disable-related-posts":"","theme-transparent-header-meta":"","adv-header-id-meta":"","stick-header-meta":"","header-above-stick-meta":"","header-main-stick-meta":"","header-below-stick-meta":"","astra-migrate-meta-layouts":"default","ast-page-background-enabled":"default","ast-page-background-meta":{"desktop":{"background-color":"","background-image":"","background-repeat":"repeat","background-position":"center center","background-size":"auto","background-attachment":"scroll","background-type":"","background-media":"","overlay-type":"","overlay-color":"","overlay-opacity":"","overlay-gradient":""},"tablet":{"background-color":"","background-image":"","background-repeat":"repeat","background-position":"center center","background-size":"auto","background-attachment":"scroll","background-type":"","background-media":"","overlay-type":"","overlay-color":"","overlay-opacity":"","overlay-gradient":""},"mobile":{"background-color":"","background-image":"","background-repeat":"repeat","background-position":"center center","background-size":"auto","background-attachment":"scroll","background-type":"","background-media":"","overlay-type":"","overlay-color":"","overlay-opacity":"","overlay-gradient":""}},"ast-content-background-meta":{"desktop":{"background-color":"var(--ast-global-color-5)","background-image":"","background-repeat":"repeat","background-position":"center center","background-size":"auto","background-attachment":"scroll","background-type":"","background-media":"","overlay-type":"","overlay-color":"","overlay-opacity":"","overlay-gradient":""},"tablet":{"background-color":"var(--ast-global-color-5)","background-image":"","background-repeat":"repeat","background-position":"center center","background-size":"auto","background-attachment":"scroll","background-type":"","background-media":"","overlay-type":"","overlay-color":"","overlay-opacity":"","overlay-gradient":""},"mobile":{"background-color":"var(--ast-global-color-5)","background-image":"","background-repeat":"repeat","background-position":"center center","background-size":"auto","background-attachment":"scroll","background-type":"","background-media":"","overlay-type":"","overlay-color":"","overlay-opacity":"","overlay-gradient":""}},"footnotes":""},"class_list":["post-1028","page","type-page","status-publish","hentry"],"yoast_head":"<!-- This site is optimized with the Yoast SEO plugin v27.4 - https:\/\/yoast.com\/product\/yoast-seo-wordpress\/ -->\n<title>Galerie - P\u00eache en mer \u00e0 Fuerteventura<\/title>\n<meta name=\"robots\" content=\"index, follow, max-snippet:-1, max-image-preview:large, max-video-preview:-1\" \/>\n<link rel=\"canonical\" href=\"https:\/\/www.fuertefishing-waterspots.fun\/fr\/galerie\/\" \/>\n<meta property=\"og:locale\" content=\"fr_FR\" \/>\n<meta property=\"og:type\" content=\"article\" \/>\n<meta property=\"og:title\" content=\"Galerie - P\u00eache en mer \u00e0 Fuerteventura\" \/>\n<meta property=\"og:description\" content=\"Galerie de photos P\u00eache Sports nautiques chill et amis\" \/>\n<meta property=\"og:url\" content=\"https:\/\/www.fuertefishing-waterspots.fun\/fr\/galerie\/\" \/>\n<meta property=\"og:site_name\" content=\"P\u00eache en mer \u00e0 Fuerteventura\" \/>\n<meta property=\"article:publisher\" content=\"https:\/\/www.facebook.com\/people\/Kleie-Charters-Fuerteventura\/100077742662516\/?paipv=0&amp;eav=Afa7-IipvT15Q6PCGgnoon9nKaKHgGxv7Kmga6zd\" \/>\n<meta property=\"article:modified_time\" content=\"2023-11-16T20:28:14+00:00\" \/>\n<meta property=\"og:image\" content=\"https:\/\/www.fuertefishing-waterspots.fun\/wp-content\/uploads\/2023\/11\/fotografo.jpg\" \/>\n<meta name=\"twitter:card\" content=\"summary_large_image\" \/>\n<script type=\"application\/ld+json\" class=\"yoast-schema-graph\">{\"@context\":\"https:\\\/\\\/schema.org\",\"@graph\":[{\"@type\":\"WebPage\",\"@id\":\"https:\\\/\\\/www.fuertefishing-waterspots.fun\\\/fr\\\/galerie\\\/\",\"url\":\"https:\\\/\\\/www.fuertefishing-waterspots.fun\\\/fr\\\/galerie\\\/\",\"name\":\"Galerie - P\u00eache en mer \u00e0 Fuerteventura\",\"isPartOf\":{\"@id\":\"https:\\\/\\\/www.fuertefishing-waterspots.fun\\\/fr\\\/#website\"},\"primaryImageOfPage\":{\"@id\":\"https:\\\/\\\/www.fuertefishing-waterspots.fun\\\/fr\\\/galerie\\\/#primaryimage\"},\"image\":{\"@id\":\"https:\\\/\\\/www.fuertefishing-waterspots.fun\\\/fr\\\/galerie\\\/#primaryimage\"},\"thumbnailUrl\":\"https:\\\/\\\/www.fuertefishing-waterspots.fun\\\/wp-content\\\/uploads\\\/2023\\\/11\\\/fotografo.jpg\",\"datePublished\":\"2023-11-16T08:52:07+00:00\",\"dateModified\":\"2023-11-16T20:28:14+00:00\",\"breadcrumb\":{\"@id\":\"https:\\\/\\\/www.fuertefishing-waterspots.fun\\\/fr\\\/galerie\\\/#breadcrumb\"},\"inLanguage\":\"fr-FR\",\"potentialAction\":[{\"@type\":\"ReadAction\",\"target\":[\"https:\\\/\\\/www.fuertefishing-waterspots.fun\\\/fr\\\/galerie\\\/\"]}]},{\"@type\":\"ImageObject\",\"inLanguage\":\"fr-FR\",\"@id\":\"https:\\\/\\\/www.fuertefishing-waterspots.fun\\\/fr\\\/galerie\\\/#primaryimage\",\"url\":\"https:\\\/\\\/www.fuertefishing-waterspots.fun\\\/wp-content\\\/uploads\\\/2023\\\/11\\\/fotografo.jpg\",\"contentUrl\":\"https:\\\/\\\/www.fuertefishing-waterspots.fun\\\/wp-content\\\/uploads\\\/2023\\\/11\\\/fotografo.jpg\"},{\"@type\":\"BreadcrumbList\",\"@id\":\"https:\\\/\\\/www.fuertefishing-waterspots.fun\\\/fr\\\/galerie\\\/#breadcrumb\",\"itemListElement\":[{\"@type\":\"ListItem\",\"position\":1,\"name\":\"Portada\",\"item\":\"https:\\\/\\\/www.fuertefishing-waterspots.fun\\\/fr\\\/\"},{\"@type\":\"ListItem\",\"position\":2,\"name\":\"Galerie\"}]},{\"@type\":\"WebSite\",\"@id\":\"https:\\\/\\\/www.fuertefishing-waterspots.fun\\\/fr\\\/#website\",\"url\":\"https:\\\/\\\/www.fuertefishing-waterspots.fun\\\/fr\\\/\",\"name\":\"Outdoor Adventure\",\"description\":\"Excursions de p\u00eache priv\u00e9es avec capitaine local\",\"publisher\":{\"@id\":\"https:\\\/\\\/www.fuertefishing-waterspots.fun\\\/fr\\\/#organization\"},\"potentialAction\":[{\"@type\":\"SearchAction\",\"target\":{\"@type\":\"EntryPoint\",\"urlTemplate\":\"https:\\\/\\\/www.fuertefishing-waterspots.fun\\\/fr\\\/?s={search_term_string}\"},\"query-input\":{\"@type\":\"PropertyValueSpecification\",\"valueRequired\":true,\"valueName\":\"search_term_string\"}}],\"inLanguage\":\"fr-FR\"},{\"@type\":\"Organization\",\"@id\":\"https:\\\/\\\/www.fuertefishing-waterspots.fun\\\/fr\\\/#organization\",\"name\":\"Outdoor Adventure\",\"url\":\"https:\\\/\\\/www.fuertefishing-waterspots.fun\\\/fr\\\/\",\"logo\":{\"@type\":\"ImageObject\",\"inLanguage\":\"fr-FR\",\"@id\":\"https:\\\/\\\/www.fuertefishing-waterspots.fun\\\/fr\\\/#\\\/schema\\\/logo\\\/image\\\/\",\"url\":\"https:\\\/\\\/www.fuertefishing-waterspots.fun\\\/wp-content\\\/uploads\\\/2023\\\/07\\\/cropped-cropped-WhatsApp-Image-2023-07-18-at-08.22.23-1.jpeg\",\"contentUrl\":\"https:\\\/\\\/www.fuertefishing-waterspots.fun\\\/wp-content\\\/uploads\\\/2023\\\/07\\\/cropped-cropped-WhatsApp-Image-2023-07-18-at-08.22.23-1.jpeg\",\"width\":306,\"height\":228,\"caption\":\"Outdoor Adventure\"},\"image\":{\"@id\":\"https:\\\/\\\/www.fuertefishing-waterspots.fun\\\/fr\\\/#\\\/schema\\\/logo\\\/image\\\/\"},\"sameAs\":[\"https:\\\/\\\/www.facebook.com\\\/people\\\/Kleie-Charters-Fuerteventura\\\/100077742662516\\\/?paipv=0&eav=Afa7-IipvT15Q6PCGgnoon9nKaKHgGxv7Kmga6zd\",\"https:\\\/\\\/www.instagram.com\\\/p\\\/CiD4p0yKtPj\\\/\"]}]}<\/script>\n<!-- \/ Yoast SEO plugin. -->","yoast_head_json":{"title":"Galerie - P\u00eache en mer \u00e0 Fuerteventura","robots":{"index":"index","follow":"follow","max-snippet":"max-snippet:-1","max-image-preview":"max-image-preview:large","max-video-preview":"max-video-preview:-1"},"canonical":"https:\/\/www.fuertefishing-waterspots.fun\/fr\/galerie\/","og_locale":"fr_FR","og_type":"article","og_title":"Galerie - P\u00eache en mer \u00e0 Fuerteventura","og_description":"Galerie de photos P\u00eache Sports nautiques chill et amis","og_url":"https:\/\/www.fuertefishing-waterspots.fun\/fr\/galerie\/","og_site_name":"P\u00eache en mer \u00e0 Fuerteventura","article_publisher":"https:\/\/www.facebook.com\/people\/Kleie-Charters-Fuerteventura\/100077742662516\/?paipv=0&eav=Afa7-IipvT15Q6PCGgnoon9nKaKHgGxv7Kmga6zd","article_modified_time":"2023-11-16T20:28:14+00:00","og_image":[{"url":"https:\/\/www.fuertefishing-waterspots.fun\/wp-content\/uploads\/2023\/11\/fotografo.jpg","type":"","width":"","height":""}],"twitter_card":"summary_large_image","schema":{"@context":"https:\/\/schema.org","@graph":[{"@type":"WebPage","@id":"https:\/\/www.fuertefishing-waterspots.fun\/fr\/galerie\/","url":"https:\/\/www.fuertefishing-waterspots.fun\/fr\/galerie\/","name":"Galerie - P\u00eache en mer \u00e0 Fuerteventura","isPartOf":{"@id":"https:\/\/www.fuertefishing-waterspots.fun\/fr\/#website"},"primaryImageOfPage":{"@id":"https:\/\/www.fuertefishing-waterspots.fun\/fr\/galerie\/#primaryimage"},"image":{"@id":"https:\/\/www.fuertefishing-waterspots.fun\/fr\/galerie\/#primaryimage"},"thumbnailUrl":"https:\/\/www.fuertefishing-waterspots.fun\/wp-content\/uploads\/2023\/11\/fotografo.jpg","datePublished":"2023-11-16T08:52:07+00:00","dateModified":"2023-11-16T20:28:14+00:00","breadcrumb":{"@id":"https:\/\/www.fuertefishing-waterspots.fun\/fr\/galerie\/#breadcrumb"},"inLanguage":"fr-FR","potentialAction":[{"@type":"ReadAction","target":["https:\/\/www.fuertefishing-waterspots.fun\/fr\/galerie\/"]}]},{"@type":"ImageObject","inLanguage":"fr-FR","@id":"https:\/\/www.fuertefishing-waterspots.fun\/fr\/galerie\/#primaryimage","url":"https:\/\/www.fuertefishing-waterspots.fun\/wp-content\/uploads\/2023\/11\/fotografo.jpg","contentUrl":"https:\/\/www.fuertefishing-waterspots.fun\/wp-content\/uploads\/2023\/11\/fotografo.jpg"},{"@type":"BreadcrumbList","@id":"https:\/\/www.fuertefishing-waterspots.fun\/fr\/galerie\/#breadcrumb","itemListElement":[{"@type":"ListItem","position":1,"name":"Portada","item":"https:\/\/www.fuertefishing-waterspots.fun\/fr\/"},{"@type":"ListItem","position":2,"name":"Galerie"}]},{"@type":"WebSite","@id":"https:\/\/www.fuertefishing-waterspots.fun\/fr\/#website","url":"https:\/\/www.fuertefishing-waterspots.fun\/fr\/","name":"Outdoor Adventure","description":"Excursions de p\u00eache priv\u00e9es avec capitaine local","publisher":{"@id":"https:\/\/www.fuertefishing-waterspots.fun\/fr\/#organization"},"potentialAction":[{"@type":"SearchAction","target":{"@type":"EntryPoint","urlTemplate":"https:\/\/www.fuertefishing-waterspots.fun\/fr\/?s={search_term_string}"},"query-input":{"@type":"PropertyValueSpecification","valueRequired":true,"valueName":"search_term_string"}}],"inLanguage":"fr-FR"},{"@type":"Organization","@id":"https:\/\/www.fuertefishing-waterspots.fun\/fr\/#organization","name":"Outdoor Adventure","url":"https:\/\/www.fuertefishing-waterspots.fun\/fr\/","logo":{"@type":"ImageObject","inLanguage":"fr-FR","@id":"https:\/\/www.fuertefishing-waterspots.fun\/fr\/#\/schema\/logo\/image\/","url":"https:\/\/www.fuertefishing-waterspots.fun\/wp-content\/uploads\/2023\/07\/cropped-cropped-WhatsApp-Image-2023-07-18-at-08.22.23-1.jpeg","contentUrl":"https:\/\/www.fuertefishing-waterspots.fun\/wp-content\/uploads\/2023\/07\/cropped-cropped-WhatsApp-Image-2023-07-18-at-08.22.23-1.jpeg","width":306,"height":228,"caption":"Outdoor Adventure"},"image":{"@id":"https:\/\/www.fuertefishing-waterspots.fun\/fr\/#\/schema\/logo\/image\/"},"sameAs":["https:\/\/www.facebook.com\/people\/Kleie-Charters-Fuerteventura\/100077742662516\/?paipv=0&eav=Afa7-IipvT15Q6PCGgnoon9nKaKHgGxv7Kmga6zd","https:\/\/www.instagram.com\/p\/CiD4p0yKtPj\/"]}]}},"_links":{"self":[{"href":"https:\/\/www.fuertefishing-waterspots.fun\/fr\/wp-json\/wp\/v2\/pages\/1028","targetHints":{"allow":["GET"]}}],"collection":[{"href":"https:\/\/www.fuertefishing-waterspots.fun\/fr\/wp-json\/wp\/v2\/pages"}],"about":[{"href":"https:\/\/www.fuertefishing-waterspots.fun\/fr\/wp-json\/wp\/v2\/types\/page"}],"author":[{"embeddable":true,"href":"https:\/\/www.fuertefishing-waterspots.fun\/fr\/wp-json\/wp\/v2\/users\/1"}],"replies":[{"embeddable":true,"href":"https:\/\/www.fuertefishing-waterspots.fun\/fr\/wp-json\/wp\/v2\/comments?post=1028"}],"version-history":[{"count":4,"href":"https:\/\/www.fuertefishing-waterspots.fun\/fr\/wp-json\/wp\/v2\/pages\/1028\/revisions"}],"predecessor-version":[{"id":1060,"href":"https:\/\/www.fuertefishing-waterspots.fun\/fr\/wp-json\/wp\/v2\/pages\/1028\/revisions\/1060"}],"wp:attachment":[{"href":"https:\/\/www.fuertefishing-waterspots.fun\/fr\/wp-json\/wp\/v2\/media?parent=1028"}],"curies":[{"name":"wp","href":"https:\/\/api.w.org\/{rel}","templated":true}]}}