{"id":996,"date":"2023-09-27T17:34:08","date_gmt":"2023-09-27T17:34:08","guid":{"rendered":"https:\/\/www.fuertefishing-waterspots.fun\/fischerei\/"},"modified":"2025-04-27T09:36:16","modified_gmt":"2025-04-27T09:36:16","slug":"fischerei","status":"publish","type":"page","link":"https:\/\/www.fuertefishing-waterspots.fun\/de\/fischerei\/","title":{"rendered":"FISCHEREI"},"content":{"rendered":"<h2 style=\"text-align: center;\">FISCHEREI<\/h2>\n<p style=\"text-align: center;\"><em><strong>Wir bieten 3 Arten von Angelausfl\u00fcgen an, so dass Sie denjenigen w\u00e4hlen k\u00f6nnen, der am besten zu Ihnen passt. Keine Sorge, wenn Sie es nicht beherrschen, unser erfahrener Kapit\u00e4n wird Ihnen helfen, Ihre Techniken zu perfektionieren und steht Ihnen jederzeit zur Verf\u00fcgung;<\/strong><\/em><\/p>\n<h2 style=\"text-align: center;\">Hochseefischen auf Marlin\/Atun\/Wahoo<\/h2>\n<p style=\"text-align: center;\"><strong>Dauer: 5 Stunden<\/strong><\/p>\n<p style=\"text-align: center;\"><strong>Einschlie\u00dflich:<\/strong><\/p>\n<p style=\"text-align: center;\"><strong>Angelausr\u00fcstung<\/strong><\/p>\n<p style=\"text-align: center;\"><strong>Max: 2 Personen<\/strong><\/p>\n<p style=\"text-align: center;\"><strong>PREIS: 400 Euro<\/strong><\/p>\n<figure><\/figure>\n<figure><img decoding=\"async\" class=\"aligncenter\" src=\"https:\/\/www.fuertefishing-waterspots.fun\/wp-content\/uploads\/2023\/09\/foto-pesca-de-altura-3-225x300.jpg\" alt=\"foto pesca de altura 3\" \/><\/figure>\n<h2 style=\"text-align: center;\">K\u00fcstenfischerei, Grund- und Spinnfischen<\/h2>\n<p style=\"text-align: center;\"><strong>Dauer: 5 Stunden<\/strong><\/p>\n<p style=\"text-align: center;\"><strong>Einschlie\u00dflich:<\/strong><\/p>\n<p style=\"text-align: center;\"><strong>Angelausr\u00fcstung<\/strong><\/p>\n<p style=\"text-align: center;\"><strong>Max: 2 Personen<\/strong><\/p>\n<p style=\"text-align: center;\"><strong>PREIS: 300 Euro<\/strong><\/p>\n<figure><img decoding=\"async\" class=\"aligncenter\" src=\"https:\/\/www.fuertefishing-waterspots.fun\/wp-content\/uploads\/2023\/09\/pesca-de-fondo-1-268x300.jpg\" alt=\"pesca de fondo 1\" \/><\/figure>\n<h3 style=\"text-align: center;\">Wie man bucht:<\/h3>\n<h2 style=\"text-align: center;\">W\u00e4hlen Sie Ihren Ausflug<\/h2>\n<p style=\"text-align: center;\"><img fetchpriority=\"high\" decoding=\"async\" src=\"https:\/\/www.fuertefishing-waterspots.fun\/wp-content\/uploads\/2023\/09\/BRUJULA-300x300.jpg\" sizes=\"(max-width: 300px) 100vw, 300px\" srcset=\"https:\/\/www.fuertefishing-waterspots.fun\/wp-content\/uploads\/2023\/09\/BRUJULA-300x300.jpg 300w, https:\/\/www.fuertefishing-waterspots.fun\/wp-content\/uploads\/2023\/09\/BRUJULA-150x150.jpg 150w, https:\/\/www.fuertefishing-waterspots.fun\/wp-content\/uploads\/2023\/09\/BRUJULA.jpg 360w\" alt=\"\" width=\"300\" height=\"300\" \/><\/p>\n<h2 style=\"text-align: center;\">2. Kontaktieren Sie uns, um die Verf\u00fcgbarkeit zu best\u00e4tigen<\/h2>\n<p style=\"text-align: center;\"><img decoding=\"async\" src=\"https:\/\/www.fuertefishing-waterspots.fun\/wp-content\/uploads\/2023\/09\/WHATSAP.jpg\" alt=\"\" width=\"259\" height=\"194\" \/><\/p>\n<h2 style=\"text-align: center;\">ANZAHLUNG VON 30% ZUR BEST\u00c4TIGUNG DURCH BANK\u00dcBERWEISUNG<\/h2>\n<p style=\"text-align: center;\"><img decoding=\"async\" src=\"https:\/\/www.fuertefishing-waterspots.fun\/wp-content\/uploads\/2023\/09\/TRANSFERENCIA-BANCARIA.png\" sizes=\"(max-width: 225px) 100vw, 225px\" srcset=\"https:\/\/www.fuertefishing-waterspots.fun\/wp-content\/uploads\/2023\/09\/TRANSFERENCIA-BANCARIA.png 225w, https:\/\/www.fuertefishing-waterspots.fun\/wp-content\/uploads\/2023\/09\/TRANSFERENCIA-BANCARIA-150x150.png 150w\" alt=\"\" width=\"225\" height=\"225\" \/><\/p>\n<p style=\"text-align: center;\"><strong> IBAN ES37 0049 5877 1129 1610 2667.<\/strong><\/p>\n<p style=\"text-align: center;\"><strong>SWIFT:BSCHESMM<\/strong><\/p>\n<p style=\"text-align: center;\">Bitte geben Sie Ihren Vor- und Nachnamen sowie das Datum der Exkursion an;<\/p>\n<p style=\"text-align: center;\"><em>Wenn Sie eine Buchung<\/em> <strong>innerhalb von 72 Stunden stornieren m\u00f6chten ,<\/strong> wird das Unternehmen den Buchungsbetrag nicht zur\u00fcckerstatten.<\/p>\n\n\n\n","protected":false},"excerpt":{"rendered":"<p>FISCHEREI Wir bieten 3 Arten von Angelausfl\u00fcgen an, so dass Sie denjenigen w\u00e4hlen k\u00f6nnen, der am besten zu Ihnen passt. Keine Sorge, wenn Sie es nicht beherrschen, unser erfahrener Kapit\u00e4n wird Ihnen helfen, Ihre Techniken zu perfektionieren und steht Ihnen jederzeit zur Verf\u00fcgung; Hochseefischen auf Marlin\/Atun\/Wahoo Dauer: 5 Stunden Einschlie\u00dflich: Angelausr\u00fcstung Max: 2 Personen PREIS: [&hellip;]<\/p>\n","protected":false},"author":1,"featured_media":0,"parent":0,"menu_order":0,"comment_status":"closed","ping_status":"closed","template":"","meta":{"site-sidebar-layout":"no-sidebar","site-content-layout":"page-builder","ast-site-content-layout":"full-width-container","site-content-style":"unboxed","site-sidebar-style":"unboxed","ast-global-header-display":"","ast-banner-title-visibility":"","ast-main-header-display":"","ast-hfb-above-header-display":"","ast-hfb-below-header-display":"","ast-hfb-mobile-header-display":"","site-post-title":"disabled","ast-breadcrumbs-content":"","ast-featured-img":"disabled","footer-sml-layout":"","ast-disable-related-posts":"","theme-transparent-header-meta":"","adv-header-id-meta":"","stick-header-meta":"","header-above-stick-meta":"","header-main-stick-meta":"","header-below-stick-meta":"","astra-migrate-meta-layouts":"set","ast-page-background-enabled":"default","ast-page-background-meta":{"desktop":{"background-color":"","background-image":"","background-repeat":"repeat","background-position":"center center","background-size":"auto","background-attachment":"scroll","background-type":"","background-media":"","overlay-type":"","overlay-color":"","overlay-opacity":"","overlay-gradient":""},"tablet":{"background-color":"","background-image":"","background-repeat":"repeat","background-position":"center center","background-size":"auto","background-attachment":"scroll","background-type":"","background-media":"","overlay-type":"","overlay-color":"","overlay-opacity":"","overlay-gradient":""},"mobile":{"background-color":"","background-image":"","background-repeat":"repeat","background-position":"center center","background-size":"auto","background-attachment":"scroll","background-type":"","background-media":"","overlay-type":"","overlay-color":"","overlay-opacity":"","overlay-gradient":""}},"ast-content-background-meta":{"desktop":{"background-color":"var(--ast-global-color-5)","background-image":"","background-repeat":"repeat","background-position":"center center","background-size":"auto","background-attachment":"scroll","background-type":"","background-media":"","overlay-type":"","overlay-color":"","overlay-opacity":"","overlay-gradient":""},"tablet":{"background-color":"var(--ast-global-color-5)","background-image":"","background-repeat":"repeat","background-position":"center center","background-size":"auto","background-attachment":"scroll","background-type":"","background-media":"","overlay-type":"","overlay-color":"","overlay-opacity":"","overlay-gradient":""},"mobile":{"background-color":"var(--ast-global-color-5)","background-image":"","background-repeat":"repeat","background-position":"center center","background-size":"auto","background-attachment":"scroll","background-type":"","background-media":"","overlay-type":"","overlay-color":"","overlay-opacity":"","overlay-gradient":""}},"footnotes":""},"class_list":["post-996","page","type-page","status-publish","hentry"],"yoast_head":"<!-- This site is optimized with the Yoast SEO plugin v27.5 - https:\/\/yoast.com\/product\/yoast-seo-wordpress\/ -->\n<title>FISCHEREI - Angeltouren auf Fuerteventura<\/title>\n<meta name=\"description\" content=\"Buchen Sie einen Angelausflug auf der wundersch\u00f6nen Insel Fuerteventura Kommen Sie zu uns auf unser privates Boot und erleben Sie einen fantastischen Tag mit uns\" \/>\n<meta name=\"robots\" content=\"index, follow, max-snippet:-1, max-image-preview:large, max-video-preview:-1\" \/>\n<link rel=\"canonical\" href=\"https:\/\/www.fuertefishing-waterspots.fun\/de\/fischerei\/\" \/>\n<meta property=\"og:locale\" content=\"de_DE\" \/>\n<meta property=\"og:type\" content=\"article\" \/>\n<meta property=\"og:title\" content=\"FISCHEREI - Angeltouren auf Fuerteventura\" \/>\n<meta property=\"og:description\" content=\"Buchen Sie einen Angelausflug auf der wundersch\u00f6nen Insel Fuerteventura Kommen Sie zu uns auf unser privates Boot und erleben Sie einen fantastischen Tag mit uns\" \/>\n<meta property=\"og:url\" content=\"https:\/\/www.fuertefishing-waterspots.fun\/de\/fischerei\/\" \/>\n<meta property=\"og:site_name\" content=\"Angeltouren auf Fuerteventura\" \/>\n<meta property=\"article:publisher\" content=\"https:\/\/www.facebook.com\/people\/Kleie-Charters-Fuerteventura\/100077742662516\/?paipv=0&amp;eav=Afa7-IipvT15Q6PCGgnoon9nKaKHgGxv7Kmga6zd\" \/>\n<meta property=\"article:modified_time\" content=\"2025-04-27T09:36:16+00:00\" \/>\n<meta property=\"og:image\" content=\"https:\/\/www.fuertefishing-waterspots.fun\/wp-content\/uploads\/2023\/09\/foto-pesca-de-altura-3-225x300.jpg\" \/>\n<meta name=\"twitter:card\" content=\"summary_large_image\" \/>\n<meta name=\"twitter:label1\" content=\"Gesch\u00e4tzte Lesezeit\" \/>\n\t<meta name=\"twitter:data1\" content=\"2\u00a0Minuten\" \/>\n<script type=\"application\/ld+json\" class=\"yoast-schema-graph\">{\"@context\":\"https:\\\/\\\/schema.org\",\"@graph\":[{\"@type\":\"WebPage\",\"@id\":\"https:\\\/\\\/www.fuertefishing-waterspots.fun\\\/de\\\/fischerei\\\/\",\"url\":\"https:\\\/\\\/www.fuertefishing-waterspots.fun\\\/de\\\/fischerei\\\/\",\"name\":\"FISCHEREI - Angeltouren auf Fuerteventura\",\"isPartOf\":{\"@id\":\"https:\\\/\\\/www.fuertefishing-waterspots.fun\\\/de\\\/#website\"},\"primaryImageOfPage\":{\"@id\":\"https:\\\/\\\/www.fuertefishing-waterspots.fun\\\/de\\\/fischerei\\\/#primaryimage\"},\"image\":{\"@id\":\"https:\\\/\\\/www.fuertefishing-waterspots.fun\\\/de\\\/fischerei\\\/#primaryimage\"},\"thumbnailUrl\":\"https:\\\/\\\/www.fuertefishing-waterspots.fun\\\/wp-content\\\/uploads\\\/2023\\\/09\\\/foto-pesca-de-altura-3-225x300.jpg\",\"datePublished\":\"2023-09-27T17:34:08+00:00\",\"dateModified\":\"2025-04-27T09:36:16+00:00\",\"description\":\"Buchen Sie einen Angelausflug auf der wundersch\u00f6nen Insel Fuerteventura Kommen Sie zu uns auf unser privates Boot und erleben Sie einen fantastischen Tag mit uns\",\"breadcrumb\":{\"@id\":\"https:\\\/\\\/www.fuertefishing-waterspots.fun\\\/de\\\/fischerei\\\/#breadcrumb\"},\"inLanguage\":\"de\",\"potentialAction\":[{\"@type\":\"ReadAction\",\"target\":[\"https:\\\/\\\/www.fuertefishing-waterspots.fun\\\/de\\\/fischerei\\\/\"]}]},{\"@type\":\"ImageObject\",\"inLanguage\":\"de\",\"@id\":\"https:\\\/\\\/www.fuertefishing-waterspots.fun\\\/de\\\/fischerei\\\/#primaryimage\",\"url\":\"https:\\\/\\\/www.fuertefishing-waterspots.fun\\\/wp-content\\\/uploads\\\/2023\\\/09\\\/foto-pesca-de-altura-3-225x300.jpg\",\"contentUrl\":\"https:\\\/\\\/www.fuertefishing-waterspots.fun\\\/wp-content\\\/uploads\\\/2023\\\/09\\\/foto-pesca-de-altura-3-225x300.jpg\"},{\"@type\":\"BreadcrumbList\",\"@id\":\"https:\\\/\\\/www.fuertefishing-waterspots.fun\\\/de\\\/fischerei\\\/#breadcrumb\",\"itemListElement\":[{\"@type\":\"ListItem\",\"position\":1,\"name\":\"Portada\",\"item\":\"https:\\\/\\\/www.fuertefishing-waterspots.fun\\\/de\\\/\"},{\"@type\":\"ListItem\",\"position\":2,\"name\":\"FISCHEREI\"}]},{\"@type\":\"WebSite\",\"@id\":\"https:\\\/\\\/www.fuertefishing-waterspots.fun\\\/de\\\/#website\",\"url\":\"https:\\\/\\\/www.fuertefishing-waterspots.fun\\\/de\\\/\",\"name\":\"Outdoor Adventure\",\"description\":\"Private Angelausfl\u00fcge mit lokalem Skipper\",\"publisher\":{\"@id\":\"https:\\\/\\\/www.fuertefishing-waterspots.fun\\\/de\\\/#organization\"},\"potentialAction\":[{\"@type\":\"SearchAction\",\"target\":{\"@type\":\"EntryPoint\",\"urlTemplate\":\"https:\\\/\\\/www.fuertefishing-waterspots.fun\\\/de\\\/?s={search_term_string}\"},\"query-input\":{\"@type\":\"PropertyValueSpecification\",\"valueRequired\":true,\"valueName\":\"search_term_string\"}}],\"inLanguage\":\"de\"},{\"@type\":\"Organization\",\"@id\":\"https:\\\/\\\/www.fuertefishing-waterspots.fun\\\/de\\\/#organization\",\"name\":\"Outdoor Adventure\",\"url\":\"https:\\\/\\\/www.fuertefishing-waterspots.fun\\\/de\\\/\",\"logo\":{\"@type\":\"ImageObject\",\"inLanguage\":\"de\",\"@id\":\"https:\\\/\\\/www.fuertefishing-waterspots.fun\\\/de\\\/#\\\/schema\\\/logo\\\/image\\\/\",\"url\":\"https:\\\/\\\/www.fuertefishing-waterspots.fun\\\/wp-content\\\/uploads\\\/2023\\\/07\\\/cropped-cropped-WhatsApp-Image-2023-07-18-at-08.22.23-1.jpeg\",\"contentUrl\":\"https:\\\/\\\/www.fuertefishing-waterspots.fun\\\/wp-content\\\/uploads\\\/2023\\\/07\\\/cropped-cropped-WhatsApp-Image-2023-07-18-at-08.22.23-1.jpeg\",\"width\":306,\"height\":228,\"caption\":\"Outdoor Adventure\"},\"image\":{\"@id\":\"https:\\\/\\\/www.fuertefishing-waterspots.fun\\\/de\\\/#\\\/schema\\\/logo\\\/image\\\/\"},\"sameAs\":[\"https:\\\/\\\/www.facebook.com\\\/people\\\/Kleie-Charters-Fuerteventura\\\/100077742662516\\\/?paipv=0&eav=Afa7-IipvT15Q6PCGgnoon9nKaKHgGxv7Kmga6zd\",\"https:\\\/\\\/www.instagram.com\\\/p\\\/CiD4p0yKtPj\\\/\"]}]}<\/script>\n<!-- \/ Yoast SEO plugin. -->","yoast_head_json":{"title":"FISCHEREI - Angeltouren auf Fuerteventura","description":"Buchen Sie einen Angelausflug auf der wundersch\u00f6nen Insel Fuerteventura Kommen Sie zu uns auf unser privates Boot und erleben Sie einen fantastischen Tag mit uns","robots":{"index":"index","follow":"follow","max-snippet":"max-snippet:-1","max-image-preview":"max-image-preview:large","max-video-preview":"max-video-preview:-1"},"canonical":"https:\/\/www.fuertefishing-waterspots.fun\/de\/fischerei\/","og_locale":"de_DE","og_type":"article","og_title":"FISCHEREI - Angeltouren auf Fuerteventura","og_description":"Buchen Sie einen Angelausflug auf der wundersch\u00f6nen Insel Fuerteventura Kommen Sie zu uns auf unser privates Boot und erleben Sie einen fantastischen Tag mit uns","og_url":"https:\/\/www.fuertefishing-waterspots.fun\/de\/fischerei\/","og_site_name":"Angeltouren auf Fuerteventura","article_publisher":"https:\/\/www.facebook.com\/people\/Kleie-Charters-Fuerteventura\/100077742662516\/?paipv=0&eav=Afa7-IipvT15Q6PCGgnoon9nKaKHgGxv7Kmga6zd","article_modified_time":"2025-04-27T09:36:16+00:00","og_image":[{"url":"https:\/\/www.fuertefishing-waterspots.fun\/wp-content\/uploads\/2023\/09\/foto-pesca-de-altura-3-225x300.jpg","type":"","width":"","height":""}],"twitter_card":"summary_large_image","twitter_misc":{"Gesch\u00e4tzte Lesezeit":"2\u00a0Minuten"},"schema":{"@context":"https:\/\/schema.org","@graph":[{"@type":"WebPage","@id":"https:\/\/www.fuertefishing-waterspots.fun\/de\/fischerei\/","url":"https:\/\/www.fuertefishing-waterspots.fun\/de\/fischerei\/","name":"FISCHEREI - Angeltouren auf Fuerteventura","isPartOf":{"@id":"https:\/\/www.fuertefishing-waterspots.fun\/de\/#website"},"primaryImageOfPage":{"@id":"https:\/\/www.fuertefishing-waterspots.fun\/de\/fischerei\/#primaryimage"},"image":{"@id":"https:\/\/www.fuertefishing-waterspots.fun\/de\/fischerei\/#primaryimage"},"thumbnailUrl":"https:\/\/www.fuertefishing-waterspots.fun\/wp-content\/uploads\/2023\/09\/foto-pesca-de-altura-3-225x300.jpg","datePublished":"2023-09-27T17:34:08+00:00","dateModified":"2025-04-27T09:36:16+00:00","description":"Buchen Sie einen Angelausflug auf der wundersch\u00f6nen Insel Fuerteventura Kommen Sie zu uns auf unser privates Boot und erleben Sie einen fantastischen Tag mit uns","breadcrumb":{"@id":"https:\/\/www.fuertefishing-waterspots.fun\/de\/fischerei\/#breadcrumb"},"inLanguage":"de","potentialAction":[{"@type":"ReadAction","target":["https:\/\/www.fuertefishing-waterspots.fun\/de\/fischerei\/"]}]},{"@type":"ImageObject","inLanguage":"de","@id":"https:\/\/www.fuertefishing-waterspots.fun\/de\/fischerei\/#primaryimage","url":"https:\/\/www.fuertefishing-waterspots.fun\/wp-content\/uploads\/2023\/09\/foto-pesca-de-altura-3-225x300.jpg","contentUrl":"https:\/\/www.fuertefishing-waterspots.fun\/wp-content\/uploads\/2023\/09\/foto-pesca-de-altura-3-225x300.jpg"},{"@type":"BreadcrumbList","@id":"https:\/\/www.fuertefishing-waterspots.fun\/de\/fischerei\/#breadcrumb","itemListElement":[{"@type":"ListItem","position":1,"name":"Portada","item":"https:\/\/www.fuertefishing-waterspots.fun\/de\/"},{"@type":"ListItem","position":2,"name":"FISCHEREI"}]},{"@type":"WebSite","@id":"https:\/\/www.fuertefishing-waterspots.fun\/de\/#website","url":"https:\/\/www.fuertefishing-waterspots.fun\/de\/","name":"Outdoor Adventure","description":"Private Angelausfl\u00fcge mit lokalem Skipper","publisher":{"@id":"https:\/\/www.fuertefishing-waterspots.fun\/de\/#organization"},"potentialAction":[{"@type":"SearchAction","target":{"@type":"EntryPoint","urlTemplate":"https:\/\/www.fuertefishing-waterspots.fun\/de\/?s={search_term_string}"},"query-input":{"@type":"PropertyValueSpecification","valueRequired":true,"valueName":"search_term_string"}}],"inLanguage":"de"},{"@type":"Organization","@id":"https:\/\/www.fuertefishing-waterspots.fun\/de\/#organization","name":"Outdoor Adventure","url":"https:\/\/www.fuertefishing-waterspots.fun\/de\/","logo":{"@type":"ImageObject","inLanguage":"de","@id":"https:\/\/www.fuertefishing-waterspots.fun\/de\/#\/schema\/logo\/image\/","url":"https:\/\/www.fuertefishing-waterspots.fun\/wp-content\/uploads\/2023\/07\/cropped-cropped-WhatsApp-Image-2023-07-18-at-08.22.23-1.jpeg","contentUrl":"https:\/\/www.fuertefishing-waterspots.fun\/wp-content\/uploads\/2023\/07\/cropped-cropped-WhatsApp-Image-2023-07-18-at-08.22.23-1.jpeg","width":306,"height":228,"caption":"Outdoor Adventure"},"image":{"@id":"https:\/\/www.fuertefishing-waterspots.fun\/de\/#\/schema\/logo\/image\/"},"sameAs":["https:\/\/www.facebook.com\/people\/Kleie-Charters-Fuerteventura\/100077742662516\/?paipv=0&eav=Afa7-IipvT15Q6PCGgnoon9nKaKHgGxv7Kmga6zd","https:\/\/www.instagram.com\/p\/CiD4p0yKtPj\/"]}]}},"_links":{"self":[{"href":"https:\/\/www.fuertefishing-waterspots.fun\/de\/wp-json\/wp\/v2\/pages\/996","targetHints":{"allow":["GET"]}}],"collection":[{"href":"https:\/\/www.fuertefishing-waterspots.fun\/de\/wp-json\/wp\/v2\/pages"}],"about":[{"href":"https:\/\/www.fuertefishing-waterspots.fun\/de\/wp-json\/wp\/v2\/types\/page"}],"author":[{"embeddable":true,"href":"https:\/\/www.fuertefishing-waterspots.fun\/de\/wp-json\/wp\/v2\/users\/1"}],"replies":[{"embeddable":true,"href":"https:\/\/www.fuertefishing-waterspots.fun\/de\/wp-json\/wp\/v2\/comments?post=996"}],"version-history":[{"count":4,"href":"https:\/\/www.fuertefishing-waterspots.fun\/de\/wp-json\/wp\/v2\/pages\/996\/revisions"}],"predecessor-version":[{"id":1199,"href":"https:\/\/www.fuertefishing-waterspots.fun\/de\/wp-json\/wp\/v2\/pages\/996\/revisions\/1199"}],"wp:attachment":[{"href":"https:\/\/www.fuertefishing-waterspots.fun\/de\/wp-json\/wp\/v2\/media?parent=996"}],"curies":[{"name":"wp","href":"https:\/\/api.w.org\/{rel}","templated":true}]}}