{"id":865,"date":"2018-11-27T09:17:08","date_gmt":"2018-11-27T09:17:08","guid":{"rendered":"https:\/\/www.fuertefishing-waterspots.fun\/ueber\/"},"modified":"2023-11-24T17:55:14","modified_gmt":"2023-11-24T17:55:14","slug":"ueber","status":"publish","type":"page","link":"https:\/\/www.fuertefishing-waterspots.fun\/de\/ueber\/","title":{"rendered":"\u00dcber"},"content":{"rendered":"<h1>Wer sind wir?<\/h1>\n<h2>Unser Kapit\u00e4n<\/h2>\n<p>Mein Name ist Efrain Ferrera, ich bin der Skipper des Bootes Kleie. Ich spreche Englisch und Spanisch.<\/p>\n<p>Ich wurde 1985 auf Fuerteventura geboren. Seit ich klein war, bin ich die gesamte K\u00fcste der wundersch\u00f6nen Insel Fuerteventura entlang gesegelt, begleitet von meinem Vater Miguel, der auf der Insel geboren wurde und ein professioneller Fischerskipper ist.<\/p>\n<p>Der Familientradition folgend, habe ich 2003 die Escuela Maritimo Pesquera de Canarias abgeschlossen.<\/p>\n<p>Ich w\u00fcrde Ihnen gerne die Geheimnisse Fuerteventuras vom Meer aus mit meiner Skipper-Erfahrung und maximalen Sicherheitsgarantien n\u00e4her bringen.<\/p>\n<p>Sie werden beeindruckende H\u00f6hlen, Leuchtt\u00fcrme und Str\u00e4nde sowie Vulkane und Schluchten vom Meer aus sehen. Ich werde an Bord der Kleie auf Sie warten.<\/p>\n<p>Kapit\u00e4n Efra\u00edn Ferrera.<\/p>\n<p>\t\t\t\t\t\t\t\t\t\t\t\t\t\t\t<img loading=\"lazy\" decoding=\"async\" width=\"706\" height=\"948\" src=\"https:\/\/www.fuertefishing-waterspots.fun\/wp-content\/uploads\/2023\/07\/efrain.jpg\" alt=\"Efrain: our captain.\" loading=\"lazy\" srcset=\"https:\/\/www.fuertefishing-waterspots.fun\/wp-content\/uploads\/2023\/07\/efrain.jpg 706w, https:\/\/www.fuertefishing-waterspots.fun\/wp-content\/uploads\/2023\/07\/efrain-223x300.jpg 223w\" sizes=\"auto, (max-width: 706px) 100vw, 706px\" \/>\t\t\t\t\t\t\t\t\t\t\t\t\t\t\t<\/p>\n<h4>Au\u00dfergew\u00f6hnliche Erlebnisse<\/h4>\n<p>K\u00fcstenskipper, Yachtskipper und Mehrzweck-K\u00fcstenskipper. Mehr als 70.000 Meilen. Chefingenieur 750kw, Funker des MMSI World Systems. <\/p>\n<p>Grundausbildung in maritimer Sicherheit und maritimem Schutz.<\/p>\n<p>Fortgeschrittenes Gesundheitstraining Sozialinstitut der Handelsmarine.<\/p>\n<p>Management und Aufmerksamkeit auf Passagierschiffen.<\/p>\n<p>Klicken Sie auf die Schaltfl\u00e4che Bearbeiten, um diesen Text zu \u00e4ndern. Lorem ipsum dolor sit amet, consectetur adipiscing elit. Ut elit tellus, luctus nec ullamcorper mattis, pulvinar dapibus leo.<\/p>\n<h4>Unsere Grundwerte<\/h4>\n<p>Die Kleie bietet Platz f\u00fcr 4 Passagiere und den Skipper, hat eine L\u00e4nge von 5 Metern zwischen den Loten und eine Breite von 1,90 Metern,<\/p>\n<p> Der Mariner-Motor mit 50 PS erreicht eine H\u00f6chstgeschwindigkeit von 21 Knoten. <br \/>Unser Boot ist haftpflicht- und unfallversichert.<\/p>\n<p> Rettung: WHF-Funkstation, WHF-Handfunkger\u00e4t, Imarsat-Satellitentelefon, Raketen und tragbare R\u00e4cher, Schwimmwesten.<\/p>\n","protected":false},"excerpt":{"rendered":"<p>Wer sind wir? Unser Kapit\u00e4n Mein Name ist Efrain Ferrera, ich bin der Skipper des Bootes Kleie. Ich spreche Englisch und Spanisch. Ich wurde 1985 auf Fuerteventura geboren. Seit ich klein war, bin ich die gesamte K\u00fcste der wundersch\u00f6nen Insel Fuerteventura entlang gesegelt, begleitet von meinem Vater Miguel, der auf der Insel geboren wurde und [&hellip;]<\/p>\n","protected":false},"author":1,"featured_media":0,"parent":0,"menu_order":0,"comment_status":"closed","ping_status":"closed","template":"","meta":{"site-sidebar-layout":"no-sidebar","site-content-layout":"page-builder","ast-site-content-layout":"full-width-container","site-content-style":"unboxed","site-sidebar-style":"unboxed","ast-global-header-display":"","ast-banner-title-visibility":"","ast-main-header-display":"","ast-hfb-above-header-display":"","ast-hfb-below-header-display":"","ast-hfb-mobile-header-display":"","site-post-title":"disabled","ast-breadcrumbs-content":"","ast-featured-img":"disabled","footer-sml-layout":"","ast-disable-related-posts":"","theme-transparent-header-meta":"enabled","adv-header-id-meta":"","stick-header-meta":"","header-above-stick-meta":"","header-main-stick-meta":"","header-below-stick-meta":"","astra-migrate-meta-layouts":"default","ast-page-background-enabled":"default","ast-page-background-meta":{"desktop":{"background-color":"","background-image":"","background-repeat":"repeat","background-position":"center center","background-size":"auto","background-attachment":"scroll","background-type":"","background-media":"","overlay-type":"","overlay-color":"","overlay-opacity":"","overlay-gradient":""},"tablet":{"background-color":"","background-image":"","background-repeat":"repeat","background-position":"center center","background-size":"auto","background-attachment":"scroll","background-type":"","background-media":"","overlay-type":"","overlay-color":"","overlay-opacity":"","overlay-gradient":""},"mobile":{"background-color":"","background-image":"","background-repeat":"repeat","background-position":"center center","background-size":"auto","background-attachment":"scroll","background-type":"","background-media":"","overlay-type":"","overlay-color":"","overlay-opacity":"","overlay-gradient":""}},"ast-content-background-meta":{"desktop":{"background-color":"var(--ast-global-color-5)","background-image":"","background-repeat":"repeat","background-position":"center center","background-size":"auto","background-attachment":"scroll","background-type":"","background-media":"","overlay-type":"","overlay-color":"","overlay-opacity":"","overlay-gradient":""},"tablet":{"background-color":"var(--ast-global-color-5)","background-image":"","background-repeat":"repeat","background-position":"center center","background-size":"auto","background-attachment":"scroll","background-type":"","background-media":"","overlay-type":"","overlay-color":"","overlay-opacity":"","overlay-gradient":""},"mobile":{"background-color":"var(--ast-global-color-5)","background-image":"","background-repeat":"repeat","background-position":"center center","background-size":"auto","background-attachment":"scroll","background-type":"","background-media":"","overlay-type":"","overlay-color":"","overlay-opacity":"","overlay-gradient":""}},"footnotes":""},"class_list":["post-865","page","type-page","status-publish","hentry"],"yoast_head":"<!-- This site is optimized with the Yoast SEO plugin v27.5 - https:\/\/yoast.com\/product\/yoast-seo-wordpress\/ -->\n<title>\u00dcber - Angeltouren auf Fuerteventura<\/title>\n<meta name=\"robots\" content=\"index, follow, max-snippet:-1, max-image-preview:large, max-video-preview:-1\" \/>\n<link rel=\"canonical\" href=\"https:\/\/www.fuertefishing-waterspots.fun\/de\/ueber\/\" \/>\n<meta property=\"og:locale\" content=\"de_DE\" \/>\n<meta property=\"og:type\" content=\"article\" \/>\n<meta property=\"og:title\" content=\"\u00dcber - Angeltouren auf Fuerteventura\" \/>\n<meta property=\"og:description\" content=\"Wer sind wir? Unser Kapit\u00e4n Mein Name ist Efrain Ferrera, ich bin der Skipper des Bootes Kleie. Ich spreche Englisch und Spanisch. Ich wurde 1985 auf Fuerteventura geboren. Seit ich klein war, bin ich die gesamte K\u00fcste der wundersch\u00f6nen Insel Fuerteventura entlang gesegelt, begleitet von meinem Vater Miguel, der auf der Insel geboren wurde und [&hellip;]\" \/>\n<meta property=\"og:url\" content=\"https:\/\/www.fuertefishing-waterspots.fun\/de\/ueber\/\" \/>\n<meta property=\"og:site_name\" content=\"Angeltouren auf Fuerteventura\" \/>\n<meta property=\"article:publisher\" content=\"https:\/\/www.facebook.com\/people\/Kleie-Charters-Fuerteventura\/100077742662516\/?paipv=0&amp;eav=Afa7-IipvT15Q6PCGgnoon9nKaKHgGxv7Kmga6zd\" \/>\n<meta property=\"article:modified_time\" content=\"2023-11-24T17:55:14+00:00\" \/>\n<meta property=\"og:image\" content=\"https:\/\/www.fuertefishing-waterspots.fun\/wp-content\/uploads\/2023\/07\/efrain.jpg\" \/>\n<meta name=\"twitter:card\" content=\"summary_large_image\" \/>\n<meta name=\"twitter:label1\" content=\"Gesch\u00e4tzte Lesezeit\" \/>\n\t<meta name=\"twitter:data1\" content=\"1\u00a0Minute\" \/>\n<script type=\"application\/ld+json\" class=\"yoast-schema-graph\">{\"@context\":\"https:\\\/\\\/schema.org\",\"@graph\":[{\"@type\":\"WebPage\",\"@id\":\"https:\\\/\\\/www.fuertefishing-waterspots.fun\\\/de\\\/ueber\\\/\",\"url\":\"https:\\\/\\\/www.fuertefishing-waterspots.fun\\\/de\\\/ueber\\\/\",\"name\":\"\u00dcber - Angeltouren auf Fuerteventura\",\"isPartOf\":{\"@id\":\"https:\\\/\\\/www.fuertefishing-waterspots.fun\\\/de\\\/#website\"},\"primaryImageOfPage\":{\"@id\":\"https:\\\/\\\/www.fuertefishing-waterspots.fun\\\/de\\\/ueber\\\/#primaryimage\"},\"image\":{\"@id\":\"https:\\\/\\\/www.fuertefishing-waterspots.fun\\\/de\\\/ueber\\\/#primaryimage\"},\"thumbnailUrl\":\"https:\\\/\\\/www.fuertefishing-waterspots.fun\\\/wp-content\\\/uploads\\\/2023\\\/07\\\/efrain.jpg\",\"datePublished\":\"2018-11-27T09:17:08+00:00\",\"dateModified\":\"2023-11-24T17:55:14+00:00\",\"breadcrumb\":{\"@id\":\"https:\\\/\\\/www.fuertefishing-waterspots.fun\\\/de\\\/ueber\\\/#breadcrumb\"},\"inLanguage\":\"de\",\"potentialAction\":[{\"@type\":\"ReadAction\",\"target\":[\"https:\\\/\\\/www.fuertefishing-waterspots.fun\\\/de\\\/ueber\\\/\"]}]},{\"@type\":\"ImageObject\",\"inLanguage\":\"de\",\"@id\":\"https:\\\/\\\/www.fuertefishing-waterspots.fun\\\/de\\\/ueber\\\/#primaryimage\",\"url\":\"https:\\\/\\\/www.fuertefishing-waterspots.fun\\\/wp-content\\\/uploads\\\/2023\\\/07\\\/efrain.jpg\",\"contentUrl\":\"https:\\\/\\\/www.fuertefishing-waterspots.fun\\\/wp-content\\\/uploads\\\/2023\\\/07\\\/efrain.jpg\"},{\"@type\":\"BreadcrumbList\",\"@id\":\"https:\\\/\\\/www.fuertefishing-waterspots.fun\\\/de\\\/ueber\\\/#breadcrumb\",\"itemListElement\":[{\"@type\":\"ListItem\",\"position\":1,\"name\":\"Portada\",\"item\":\"https:\\\/\\\/www.fuertefishing-waterspots.fun\\\/de\\\/\"},{\"@type\":\"ListItem\",\"position\":2,\"name\":\"\u00dcber\"}]},{\"@type\":\"WebSite\",\"@id\":\"https:\\\/\\\/www.fuertefishing-waterspots.fun\\\/de\\\/#website\",\"url\":\"https:\\\/\\\/www.fuertefishing-waterspots.fun\\\/de\\\/\",\"name\":\"Outdoor Adventure\",\"description\":\"Private Angelausfl\u00fcge mit lokalem Skipper\",\"publisher\":{\"@id\":\"https:\\\/\\\/www.fuertefishing-waterspots.fun\\\/de\\\/#organization\"},\"potentialAction\":[{\"@type\":\"SearchAction\",\"target\":{\"@type\":\"EntryPoint\",\"urlTemplate\":\"https:\\\/\\\/www.fuertefishing-waterspots.fun\\\/de\\\/?s={search_term_string}\"},\"query-input\":{\"@type\":\"PropertyValueSpecification\",\"valueRequired\":true,\"valueName\":\"search_term_string\"}}],\"inLanguage\":\"de\"},{\"@type\":\"Organization\",\"@id\":\"https:\\\/\\\/www.fuertefishing-waterspots.fun\\\/de\\\/#organization\",\"name\":\"Outdoor Adventure\",\"url\":\"https:\\\/\\\/www.fuertefishing-waterspots.fun\\\/de\\\/\",\"logo\":{\"@type\":\"ImageObject\",\"inLanguage\":\"de\",\"@id\":\"https:\\\/\\\/www.fuertefishing-waterspots.fun\\\/de\\\/#\\\/schema\\\/logo\\\/image\\\/\",\"url\":\"https:\\\/\\\/www.fuertefishing-waterspots.fun\\\/wp-content\\\/uploads\\\/2023\\\/07\\\/cropped-cropped-WhatsApp-Image-2023-07-18-at-08.22.23-1.jpeg\",\"contentUrl\":\"https:\\\/\\\/www.fuertefishing-waterspots.fun\\\/wp-content\\\/uploads\\\/2023\\\/07\\\/cropped-cropped-WhatsApp-Image-2023-07-18-at-08.22.23-1.jpeg\",\"width\":306,\"height\":228,\"caption\":\"Outdoor Adventure\"},\"image\":{\"@id\":\"https:\\\/\\\/www.fuertefishing-waterspots.fun\\\/de\\\/#\\\/schema\\\/logo\\\/image\\\/\"},\"sameAs\":[\"https:\\\/\\\/www.facebook.com\\\/people\\\/Kleie-Charters-Fuerteventura\\\/100077742662516\\\/?paipv=0&eav=Afa7-IipvT15Q6PCGgnoon9nKaKHgGxv7Kmga6zd\",\"https:\\\/\\\/www.instagram.com\\\/p\\\/CiD4p0yKtPj\\\/\"]}]}<\/script>\n<!-- \/ Yoast SEO plugin. -->","yoast_head_json":{"title":"\u00dcber - Angeltouren auf Fuerteventura","robots":{"index":"index","follow":"follow","max-snippet":"max-snippet:-1","max-image-preview":"max-image-preview:large","max-video-preview":"max-video-preview:-1"},"canonical":"https:\/\/www.fuertefishing-waterspots.fun\/de\/ueber\/","og_locale":"de_DE","og_type":"article","og_title":"\u00dcber - Angeltouren auf Fuerteventura","og_description":"Wer sind wir? Unser Kapit\u00e4n Mein Name ist Efrain Ferrera, ich bin der Skipper des Bootes Kleie. Ich spreche Englisch und Spanisch. Ich wurde 1985 auf Fuerteventura geboren. Seit ich klein war, bin ich die gesamte K\u00fcste der wundersch\u00f6nen Insel Fuerteventura entlang gesegelt, begleitet von meinem Vater Miguel, der auf der Insel geboren wurde und [&hellip;]","og_url":"https:\/\/www.fuertefishing-waterspots.fun\/de\/ueber\/","og_site_name":"Angeltouren auf Fuerteventura","article_publisher":"https:\/\/www.facebook.com\/people\/Kleie-Charters-Fuerteventura\/100077742662516\/?paipv=0&eav=Afa7-IipvT15Q6PCGgnoon9nKaKHgGxv7Kmga6zd","article_modified_time":"2023-11-24T17:55:14+00:00","og_image":[{"url":"https:\/\/www.fuertefishing-waterspots.fun\/wp-content\/uploads\/2023\/07\/efrain.jpg","type":"","width":"","height":""}],"twitter_card":"summary_large_image","twitter_misc":{"Gesch\u00e4tzte Lesezeit":"1\u00a0Minute"},"schema":{"@context":"https:\/\/schema.org","@graph":[{"@type":"WebPage","@id":"https:\/\/www.fuertefishing-waterspots.fun\/de\/ueber\/","url":"https:\/\/www.fuertefishing-waterspots.fun\/de\/ueber\/","name":"\u00dcber - Angeltouren auf Fuerteventura","isPartOf":{"@id":"https:\/\/www.fuertefishing-waterspots.fun\/de\/#website"},"primaryImageOfPage":{"@id":"https:\/\/www.fuertefishing-waterspots.fun\/de\/ueber\/#primaryimage"},"image":{"@id":"https:\/\/www.fuertefishing-waterspots.fun\/de\/ueber\/#primaryimage"},"thumbnailUrl":"https:\/\/www.fuertefishing-waterspots.fun\/wp-content\/uploads\/2023\/07\/efrain.jpg","datePublished":"2018-11-27T09:17:08+00:00","dateModified":"2023-11-24T17:55:14+00:00","breadcrumb":{"@id":"https:\/\/www.fuertefishing-waterspots.fun\/de\/ueber\/#breadcrumb"},"inLanguage":"de","potentialAction":[{"@type":"ReadAction","target":["https:\/\/www.fuertefishing-waterspots.fun\/de\/ueber\/"]}]},{"@type":"ImageObject","inLanguage":"de","@id":"https:\/\/www.fuertefishing-waterspots.fun\/de\/ueber\/#primaryimage","url":"https:\/\/www.fuertefishing-waterspots.fun\/wp-content\/uploads\/2023\/07\/efrain.jpg","contentUrl":"https:\/\/www.fuertefishing-waterspots.fun\/wp-content\/uploads\/2023\/07\/efrain.jpg"},{"@type":"BreadcrumbList","@id":"https:\/\/www.fuertefishing-waterspots.fun\/de\/ueber\/#breadcrumb","itemListElement":[{"@type":"ListItem","position":1,"name":"Portada","item":"https:\/\/www.fuertefishing-waterspots.fun\/de\/"},{"@type":"ListItem","position":2,"name":"\u00dcber"}]},{"@type":"WebSite","@id":"https:\/\/www.fuertefishing-waterspots.fun\/de\/#website","url":"https:\/\/www.fuertefishing-waterspots.fun\/de\/","name":"Outdoor Adventure","description":"Private Angelausfl\u00fcge mit lokalem Skipper","publisher":{"@id":"https:\/\/www.fuertefishing-waterspots.fun\/de\/#organization"},"potentialAction":[{"@type":"SearchAction","target":{"@type":"EntryPoint","urlTemplate":"https:\/\/www.fuertefishing-waterspots.fun\/de\/?s={search_term_string}"},"query-input":{"@type":"PropertyValueSpecification","valueRequired":true,"valueName":"search_term_string"}}],"inLanguage":"de"},{"@type":"Organization","@id":"https:\/\/www.fuertefishing-waterspots.fun\/de\/#organization","name":"Outdoor Adventure","url":"https:\/\/www.fuertefishing-waterspots.fun\/de\/","logo":{"@type":"ImageObject","inLanguage":"de","@id":"https:\/\/www.fuertefishing-waterspots.fun\/de\/#\/schema\/logo\/image\/","url":"https:\/\/www.fuertefishing-waterspots.fun\/wp-content\/uploads\/2023\/07\/cropped-cropped-WhatsApp-Image-2023-07-18-at-08.22.23-1.jpeg","contentUrl":"https:\/\/www.fuertefishing-waterspots.fun\/wp-content\/uploads\/2023\/07\/cropped-cropped-WhatsApp-Image-2023-07-18-at-08.22.23-1.jpeg","width":306,"height":228,"caption":"Outdoor Adventure"},"image":{"@id":"https:\/\/www.fuertefishing-waterspots.fun\/de\/#\/schema\/logo\/image\/"},"sameAs":["https:\/\/www.facebook.com\/people\/Kleie-Charters-Fuerteventura\/100077742662516\/?paipv=0&eav=Afa7-IipvT15Q6PCGgnoon9nKaKHgGxv7Kmga6zd","https:\/\/www.instagram.com\/p\/CiD4p0yKtPj\/"]}]}},"_links":{"self":[{"href":"https:\/\/www.fuertefishing-waterspots.fun\/de\/wp-json\/wp\/v2\/pages\/865","targetHints":{"allow":["GET"]}}],"collection":[{"href":"https:\/\/www.fuertefishing-waterspots.fun\/de\/wp-json\/wp\/v2\/pages"}],"about":[{"href":"https:\/\/www.fuertefishing-waterspots.fun\/de\/wp-json\/wp\/v2\/types\/page"}],"author":[{"embeddable":true,"href":"https:\/\/www.fuertefishing-waterspots.fun\/de\/wp-json\/wp\/v2\/users\/1"}],"replies":[{"embeddable":true,"href":"https:\/\/www.fuertefishing-waterspots.fun\/de\/wp-json\/wp\/v2\/comments?post=865"}],"version-history":[{"count":6,"href":"https:\/\/www.fuertefishing-waterspots.fun\/de\/wp-json\/wp\/v2\/pages\/865\/revisions"}],"predecessor-version":[{"id":1082,"href":"https:\/\/www.fuertefishing-waterspots.fun\/de\/wp-json\/wp\/v2\/pages\/865\/revisions\/1082"}],"wp:attachment":[{"href":"https:\/\/www.fuertefishing-waterspots.fun\/de\/wp-json\/wp\/v2\/media?parent=865"}],"curies":[{"name":"wp","href":"https:\/\/api.w.org\/{rel}","templated":true}]}}