{"id":2675,"date":"2025-12-06T17:48:26","date_gmt":"2025-12-06T17:48:26","guid":{"rendered":"https:\/\/www.fuertefishing-waterspots.fun\/wie-man-eine-reservierung-vornimmt\/"},"modified":"2025-12-06T18:54:27","modified_gmt":"2025-12-06T18:54:27","slug":"wie-man-eine-reservierung-vornimmt","status":"publish","type":"page","link":"https:\/\/www.fuertefishing-waterspots.fun\/de\/wie-man-eine-reservierung-vornimmt\/","title":{"rendered":"Wie man eine Reservierung vornimmt"},"content":{"rendered":"\t\t<div data-elementor-type=\"wp-page\" data-elementor-id=\"2675\" class=\"elementor elementor-2675 elementor-2647\">\n\t\t\t\t\t\t<section class=\"elementor-section elementor-top-section elementor-element elementor-element-6eab76cd elementor-hidden-tablet elementor-hidden-mobile elementor-section-boxed elementor-section-height-default elementor-section-height-default\" data-id=\"6eab76cd\" data-element_type=\"section\" data-e-type=\"section\" data-settings=\"{&quot;background_background&quot;:&quot;classic&quot;}\">\n\t\t\t\t\t\t<div class=\"elementor-container elementor-column-gap-default\">\n\t\t\t\t\t<div class=\"elementor-column elementor-col-100 elementor-top-column elementor-element elementor-element-7e81caed\" data-id=\"7e81caed\" data-element_type=\"column\" data-e-type=\"column\">\n\t\t\t<div class=\"elementor-widget-wrap elementor-element-populated\">\n\t\t\t\t\t\t<div class=\"elementor-element elementor-element-5080a73a elementor-widget-divider--view-line elementor-widget elementor-widget-divider\" data-id=\"5080a73a\" data-element_type=\"widget\" data-e-type=\"widget\" data-widget_type=\"divider.default\">\n\t\t\t\t<div class=\"elementor-widget-container\">\n\t\t\t\t\t\t\t<div class=\"elementor-divider\">\n\t\t\t<span class=\"elementor-divider-separator\">\n\t\t\t\t\t\t<\/span>\n\t\t<\/div>\n\t\t\t\t\t\t<\/div>\n\t\t\t\t<\/div>\n\t\t\t\t<div class=\"elementor-element elementor-element-40919e94 elementor-widget elementor-widget-heading\" data-id=\"40919e94\" data-element_type=\"widget\" data-e-type=\"widget\" data-widget_type=\"heading.default\">\n\t\t\t\t<div class=\"elementor-widget-container\">\n\t\t\t\t\t<h2 class=\"elementor-heading-title elementor-size-default\">KONTAKTIERE UNS<\/h2>\t\t\t\t<\/div>\n\t\t\t\t<\/div>\n\t\t\t\t<div class=\"elementor-element elementor-element-300277cc elementor-view-default elementor-widget elementor-widget-icon\" data-id=\"300277cc\" data-element_type=\"widget\" data-e-type=\"widget\" data-widget_type=\"icon.default\">\n\t\t\t\t<div class=\"elementor-widget-container\">\n\t\t\t\t\t\t\t<div class=\"elementor-icon-wrapper\">\n\t\t\t<div class=\"elementor-icon\">\n\t\t\t<i aria-hidden=\"true\" class=\"fas fa-angle-down\"><\/i>\t\t\t<\/div>\n\t\t<\/div>\n\t\t\t\t\t\t<\/div>\n\t\t\t\t<\/div>\n\t\t\t\t\t<\/div>\n\t\t<\/div>\n\t\t\t\t\t<\/div>\n\t\t<\/section>\n\t\t\t\t<section class=\"elementor-section elementor-top-section elementor-element elementor-element-38dcec2d elementor-hidden-desktop elementor-section-boxed elementor-section-height-default elementor-section-height-default\" data-id=\"38dcec2d\" data-element_type=\"section\" data-e-type=\"section\" data-settings=\"{&quot;background_background&quot;:&quot;classic&quot;}\">\n\t\t\t\t\t\t<div class=\"elementor-container elementor-column-gap-default\">\n\t\t\t\t\t<div class=\"elementor-column elementor-col-100 elementor-top-column elementor-element elementor-element-223f9856\" data-id=\"223f9856\" data-element_type=\"column\" data-e-type=\"column\">\n\t\t\t<div class=\"elementor-widget-wrap elementor-element-populated\">\n\t\t\t\t\t\t<div class=\"elementor-element elementor-element-45d6ead7 elementor-widget-divider--view-line elementor-widget elementor-widget-divider\" data-id=\"45d6ead7\" data-element_type=\"widget\" data-e-type=\"widget\" data-widget_type=\"divider.default\">\n\t\t\t\t<div class=\"elementor-widget-container\">\n\t\t\t\t\t\t\t<div class=\"elementor-divider\">\n\t\t\t<span class=\"elementor-divider-separator\">\n\t\t\t\t\t\t<\/span>\n\t\t<\/div>\n\t\t\t\t\t\t<\/div>\n\t\t\t\t<\/div>\n\t\t\t\t<div class=\"elementor-element elementor-element-9f8860e elementor-widget elementor-widget-heading\" data-id=\"9f8860e\" data-element_type=\"widget\" data-e-type=\"widget\" data-widget_type=\"heading.default\">\n\t\t\t\t<div class=\"elementor-widget-container\">\n\t\t\t\t\t<h2 class=\"elementor-heading-title elementor-size-default\">WIE MAN EINE RESERVIERUNG VORNIMMT<\/h2>\t\t\t\t<\/div>\n\t\t\t\t<\/div>\n\t\t\t\t<div class=\"elementor-element elementor-element-25fc2a0a elementor-view-default elementor-widget elementor-widget-icon\" data-id=\"25fc2a0a\" data-element_type=\"widget\" data-e-type=\"widget\" data-widget_type=\"icon.default\">\n\t\t\t\t<div class=\"elementor-widget-container\">\n\t\t\t\t\t\t\t<div class=\"elementor-icon-wrapper\">\n\t\t\t<div class=\"elementor-icon\">\n\t\t\t<i aria-hidden=\"true\" class=\"fas fa-angle-down\"><\/i>\t\t\t<\/div>\n\t\t<\/div>\n\t\t\t\t\t\t<\/div>\n\t\t\t\t<\/div>\n\t\t\t\t\t<\/div>\n\t\t<\/div>\n\t\t\t\t\t<\/div>\n\t\t<\/section>\n\t\t\t\t<section class=\"elementor-section elementor-top-section elementor-element elementor-element-36188144 elementor-section-boxed elementor-section-height-default elementor-section-height-default\" data-id=\"36188144\" data-element_type=\"section\" data-e-type=\"section\">\n\t\t\t\t\t\t<div class=\"elementor-container elementor-column-gap-default\">\n\t\t\t\t\t<div class=\"elementor-column elementor-col-100 elementor-top-column elementor-element elementor-element-190fab80\" data-id=\"190fab80\" data-element_type=\"column\" data-e-type=\"column\">\n\t\t\t<div class=\"elementor-widget-wrap elementor-element-populated\">\n\t\t\t\t\t\t<div class=\"elementor-element elementor-element-12bda4c6 elementor-widget elementor-widget-heading\" data-id=\"12bda4c6\" data-element_type=\"widget\" data-e-type=\"widget\" data-widget_type=\"heading.default\">\n\t\t\t\t<div class=\"elementor-widget-container\">\n\t\t\t\t\t<h2 class=\"elementor-heading-title elementor-size-default\">SCHRITT 1: KONTAKTIEREN SIE UNSEREN KAPIT\u00c4N<\/h2>\t\t\t\t<\/div>\n\t\t\t\t<\/div>\n\t\t\t\t<div class=\"elementor-element elementor-element-191aab74 elementor-icon-list--layout-traditional elementor-list-item-link-full_width elementor-widget elementor-widget-icon-list\" data-id=\"191aab74\" data-element_type=\"widget\" data-e-type=\"widget\" data-widget_type=\"icon-list.default\">\n\t\t\t\t<div class=\"elementor-widget-container\">\n\t\t\t\t\t\t\t<ul class=\"elementor-icon-list-items\">\n\t\t\t\t\t\t\t<li class=\"elementor-icon-list-item\">\n\t\t\t\t\t\t\t\t\t\t\t<span class=\"elementor-icon-list-icon\">\n\t\t\t\t\t\t\t<i aria-hidden=\"true\" class=\"fab fa-whatsapp\"><\/i>\t\t\t\t\t\t<\/span>\n\t\t\t\t\t\t\t\t\t\t<span class=\"elementor-icon-list-text\">+34 602 59 77 26<\/span>\n\t\t\t\t\t\t\t\t\t<\/li>\n\t\t\t\t\t\t\t\t<li class=\"elementor-icon-list-item\">\n\t\t\t\t\t\t\t\t\t\t\t<span class=\"elementor-icon-list-icon\">\n\t\t\t\t\t\t\t<i aria-hidden=\"true\" class=\"far fa-envelope\"><\/i>\t\t\t\t\t\t<\/span>\n\t\t\t\t\t\t\t\t\t\t<span class=\"elementor-icon-list-text\">kleiecharters@gmail.com<\/span>\n\t\t\t\t\t\t\t\t\t<\/li>\n\t\t\t\t\t\t<\/ul>\n\t\t\t\t\t\t<\/div>\n\t\t\t\t<\/div>\n\t\t\t\t<div class=\"elementor-element elementor-element-74a928e elementor-widget elementor-widget-text-editor\" data-id=\"74a928e\" data-element_type=\"widget\" data-e-type=\"widget\" data-widget_type=\"text-editor.default\">\n\t\t\t\t<div class=\"elementor-widget-container\">\n\t\t\t\t\t\t\t\t\t<p>Um die Verf\u00fcgbarkeit zu pr\u00fcfen, kontaktieren Sie unseren Kapit\u00e4n Efra\u00edn per WhatsApp oder per E-Mail. Stellen Sie sicher, dass Sie die Art der Tour, die Anzahl der Personen und das Datum angeben.<\/p>\n\t\t\t\t\t\t\t\t<\/div>\n\t\t\t\t<\/div>\n\t\t\t\t<div class=\"elementor-element elementor-element-84187ad elementor-widget-divider--view-line elementor-widget elementor-widget-divider\" data-id=\"84187ad\" data-element_type=\"widget\" data-e-type=\"widget\" data-widget_type=\"divider.default\">\n\t\t\t\t<div class=\"elementor-widget-container\">\n\t\t\t\t\t\t\t<div class=\"elementor-divider\">\n\t\t\t<span class=\"elementor-divider-separator\">\n\t\t\t\t\t\t<\/span>\n\t\t<\/div>\n\t\t\t\t\t\t<\/div>\n\t\t\t\t<\/div>\n\t\t\t\t<div class=\"elementor-element elementor-element-c95e0cc elementor-widget elementor-widget-heading\" data-id=\"c95e0cc\" data-element_type=\"widget\" data-e-type=\"widget\" data-widget_type=\"heading.default\">\n\t\t\t\t<div class=\"elementor-widget-container\">\n\t\t\t\t\t<h2 class=\"elementor-heading-title elementor-size-default\">SCHRITT 2: BEST\u00c4TIGEN SIE DIE RESERVIERUNG PER BANK\u00dcBERWEISUNG<\/h2>\t\t\t\t<\/div>\n\t\t\t\t<\/div>\n\t\t\t\t<div class=\"elementor-element elementor-element-f6f8006 elementor-view-default elementor-position-block-start elementor-mobile-position-block-start elementor-widget elementor-widget-icon-box\" data-id=\"f6f8006\" data-element_type=\"widget\" data-e-type=\"widget\" data-widget_type=\"icon-box.default\">\n\t\t\t\t<div class=\"elementor-widget-container\">\n\t\t\t\t\t\t\t<div class=\"elementor-icon-box-wrapper\">\n\n\t\t\t\t\t\t<div class=\"elementor-icon-box-icon\">\n\t\t\t\t<span  class=\"elementor-icon\">\n\t\t\t\t<i aria-hidden=\"true\" class=\"far fa-credit-card\"><\/i>\t\t\t\t<\/span>\n\t\t\t<\/div>\n\t\t\t\n\t\t\t\t\t\t<div class=\"elementor-icon-box-content\">\n\n\t\t\t\t\n\t\t\t\t\t\t\t\t\t<p class=\"elementor-icon-box-description\">\n\t\t\t\t\t\tBankverbindung:\nES37 0049 5877 1129 1610 2667\nSWIFT \/ BIC: BSCHESMM\t\t\t\t\t<\/p>\n\t\t\t\t\n\t\t\t<\/div>\n\t\t\t\n\t\t<\/div>\n\t\t\t\t\t\t<\/div>\n\t\t\t\t<\/div>\n\t\t\t\t<div class=\"elementor-element elementor-element-dbd6e93 elementor-widget elementor-widget-text-editor\" data-id=\"dbd6e93\" data-element_type=\"widget\" data-e-type=\"widget\" data-widget_type=\"text-editor.default\">\n\t\t\t\t<div class=\"elementor-widget-container\">\n\t\t\t\t\t\t\t\t\t<p>Um die Reservierung zu best\u00e4tigen, muss eine Bank\u00fcberweisung \u00fcber den Preis der Angelausflugs erfolgen. Dabei m\u00fcssen der Vorname, der Nachname und das Datum des Angelausflugs angegeben werden.<\/p>\n\t\t\t\t\t\t\t\t<\/div>\n\t\t\t\t<\/div>\n\t\t\t\t<div class=\"elementor-element elementor-element-7aee4f2 elementor-widget-divider--view-line elementor-widget elementor-widget-divider\" data-id=\"7aee4f2\" data-element_type=\"widget\" data-e-type=\"widget\" data-widget_type=\"divider.default\">\n\t\t\t\t<div class=\"elementor-widget-container\">\n\t\t\t\t\t\t\t<div class=\"elementor-divider\">\n\t\t\t<span class=\"elementor-divider-separator\">\n\t\t\t\t\t\t<\/span>\n\t\t<\/div>\n\t\t\t\t\t\t<\/div>\n\t\t\t\t<\/div>\n\t\t\t\t<div class=\"elementor-element elementor-element-88c33ab elementor-widget elementor-widget-heading\" data-id=\"88c33ab\" data-element_type=\"widget\" data-e-type=\"widget\" data-widget_type=\"heading.default\">\n\t\t\t\t<div class=\"elementor-widget-container\">\n\t\t\t\t\t<h2 class=\"elementor-heading-title elementor-size-default\">STORNIERUNGEN DER RESERVIERUNG WERDEN NUR BIS 72 STUNDEN VOR DEM AUSFLUG AKZEPTIERT<\/h2>\t\t\t\t<\/div>\n\t\t\t\t<\/div>\n\t\t\t\t\t<\/div>\n\t\t<\/div>\n\t\t\t\t\t<\/div>\n\t\t<\/section>\n\t\t\t\t<\/div>\n\t\t","protected":false},"excerpt":{"rendered":"<p>KONTAKTIERE UNS WIE MAN EINE RESERVIERUNG VORNIMMT SCHRITT 1: KONTAKTIEREN SIE UNSEREN KAPIT\u00c4N +34 602 59 77 26 kleiecharters@gmail.com Um die Verf\u00fcgbarkeit zu pr\u00fcfen, kontaktieren Sie unseren Kapit\u00e4n Efra\u00edn per WhatsApp oder per E-Mail. Stellen Sie sicher, dass Sie die Art der Tour, die Anzahl der Personen und das Datum angeben. SCHRITT 2: BEST\u00c4TIGEN SIE [&hellip;]<\/p>\n","protected":false},"author":1,"featured_media":0,"parent":0,"menu_order":0,"comment_status":"closed","ping_status":"closed","template":"","meta":{"site-sidebar-layout":"no-sidebar","site-content-layout":"page-builder","ast-site-content-layout":"full-width-container","site-content-style":"default","site-sidebar-style":"default","ast-global-header-display":"","ast-banner-title-visibility":"","ast-main-header-display":"","ast-hfb-above-header-display":"","ast-hfb-below-header-display":"","ast-hfb-mobile-header-display":"","site-post-title":"disabled","ast-breadcrumbs-content":"","ast-featured-img":"disabled","footer-sml-layout":"","ast-disable-related-posts":"","theme-transparent-header-meta":"","adv-header-id-meta":"","stick-header-meta":"","header-above-stick-meta":"","header-main-stick-meta":"","header-below-stick-meta":"","astra-migrate-meta-layouts":"default","ast-page-background-enabled":"default","ast-page-background-meta":{"desktop":{"background-color":"","background-image":"","background-repeat":"repeat","background-position":"center center","background-size":"auto","background-attachment":"scroll","background-type":"","background-media":"","overlay-type":"","overlay-color":"","overlay-opacity":"","overlay-gradient":""},"tablet":{"background-color":"","background-image":"","background-repeat":"repeat","background-position":"center center","background-size":"auto","background-attachment":"scroll","background-type":"","background-media":"","overlay-type":"","overlay-color":"","overlay-opacity":"","overlay-gradient":""},"mobile":{"background-color":"","background-image":"","background-repeat":"repeat","background-position":"center center","background-size":"auto","background-attachment":"scroll","background-type":"","background-media":"","overlay-type":"","overlay-color":"","overlay-opacity":"","overlay-gradient":""}},"ast-content-background-meta":{"desktop":{"background-color":"var(--ast-global-color-5)","background-image":"","background-repeat":"repeat","background-position":"center center","background-size":"auto","background-attachment":"scroll","background-type":"","background-media":"","overlay-type":"","overlay-color":"","overlay-opacity":"","overlay-gradient":""},"tablet":{"background-color":"var(--ast-global-color-5)","background-image":"","background-repeat":"repeat","background-position":"center center","background-size":"auto","background-attachment":"scroll","background-type":"","background-media":"","overlay-type":"","overlay-color":"","overlay-opacity":"","overlay-gradient":""},"mobile":{"background-color":"var(--ast-global-color-5)","background-image":"","background-repeat":"repeat","background-position":"center center","background-size":"auto","background-attachment":"scroll","background-type":"","background-media":"","overlay-type":"","overlay-color":"","overlay-opacity":"","overlay-gradient":""}},"footnotes":""},"class_list":["post-2675","page","type-page","status-publish","hentry"],"yoast_head":"<!-- This site is optimized with the Yoast SEO plugin v27.4 - https:\/\/yoast.com\/product\/yoast-seo-wordpress\/ -->\n<title>Wie man eine Reservierung vornimmt - Angeltouren auf Fuerteventura<\/title>\n<meta name=\"description\" content=\"Erfahren Sie, wie Sie Ihre Angeltour auf Fuerteventura ganz einfach buchen k\u00f6nnen. Einfacher Buchungsprozess f\u00fcr alle unsere Angelausfl\u00fcge.\" \/>\n<meta name=\"robots\" content=\"index, follow, max-snippet:-1, max-image-preview:large, max-video-preview:-1\" \/>\n<link rel=\"canonical\" href=\"https:\/\/www.fuertefishing-waterspots.fun\/de\/wie-man-eine-reservierung-vornimmt\/\" \/>\n<meta property=\"og:locale\" content=\"de_DE\" \/>\n<meta property=\"og:type\" content=\"article\" \/>\n<meta property=\"og:title\" content=\"Wie man eine Reservierung vornimmt - Angeltouren auf Fuerteventura\" \/>\n<meta property=\"og:description\" content=\"Erfahren Sie, wie Sie Ihre Angeltour auf Fuerteventura ganz einfach buchen k\u00f6nnen. Einfacher Buchungsprozess f\u00fcr alle unsere Angelausfl\u00fcge.\" \/>\n<meta property=\"og:url\" content=\"https:\/\/www.fuertefishing-waterspots.fun\/de\/wie-man-eine-reservierung-vornimmt\/\" \/>\n<meta property=\"og:site_name\" content=\"Angeltouren auf Fuerteventura\" \/>\n<meta property=\"article:publisher\" content=\"https:\/\/www.facebook.com\/people\/Kleie-Charters-Fuerteventura\/100077742662516\/?paipv=0&amp;eav=Afa7-IipvT15Q6PCGgnoon9nKaKHgGxv7Kmga6zd\" \/>\n<meta property=\"article:modified_time\" content=\"2025-12-06T18:54:27+00:00\" \/>\n<meta name=\"twitter:card\" content=\"summary_large_image\" \/>\n<meta name=\"twitter:label1\" content=\"Gesch\u00e4tzte Lesezeit\" \/>\n\t<meta name=\"twitter:data1\" content=\"1\u00a0Minute\" \/>\n<script type=\"application\/ld+json\" class=\"yoast-schema-graph\">{\"@context\":\"https:\\\/\\\/schema.org\",\"@graph\":[{\"@type\":\"WebPage\",\"@id\":\"https:\\\/\\\/www.fuertefishing-waterspots.fun\\\/de\\\/wie-man-eine-reservierung-vornimmt\\\/\",\"url\":\"https:\\\/\\\/www.fuertefishing-waterspots.fun\\\/de\\\/wie-man-eine-reservierung-vornimmt\\\/\",\"name\":\"Wie man eine Reservierung vornimmt - Angeltouren auf Fuerteventura\",\"isPartOf\":{\"@id\":\"https:\\\/\\\/www.fuertefishing-waterspots.fun\\\/de\\\/#website\"},\"datePublished\":\"2025-12-06T17:48:26+00:00\",\"dateModified\":\"2025-12-06T18:54:27+00:00\",\"description\":\"Erfahren Sie, wie Sie Ihre Angeltour auf Fuerteventura ganz einfach buchen k\u00f6nnen. Einfacher Buchungsprozess f\u00fcr alle unsere Angelausfl\u00fcge.\",\"breadcrumb\":{\"@id\":\"https:\\\/\\\/www.fuertefishing-waterspots.fun\\\/de\\\/wie-man-eine-reservierung-vornimmt\\\/#breadcrumb\"},\"inLanguage\":\"de\",\"potentialAction\":[{\"@type\":\"ReadAction\",\"target\":[\"https:\\\/\\\/www.fuertefishing-waterspots.fun\\\/de\\\/wie-man-eine-reservierung-vornimmt\\\/\"]}]},{\"@type\":\"BreadcrumbList\",\"@id\":\"https:\\\/\\\/www.fuertefishing-waterspots.fun\\\/de\\\/wie-man-eine-reservierung-vornimmt\\\/#breadcrumb\",\"itemListElement\":[{\"@type\":\"ListItem\",\"position\":1,\"name\":\"Portada\",\"item\":\"https:\\\/\\\/www.fuertefishing-waterspots.fun\\\/de\\\/\"},{\"@type\":\"ListItem\",\"position\":2,\"name\":\"Wie man eine Reservierung vornimmt\"}]},{\"@type\":\"WebSite\",\"@id\":\"https:\\\/\\\/www.fuertefishing-waterspots.fun\\\/de\\\/#website\",\"url\":\"https:\\\/\\\/www.fuertefishing-waterspots.fun\\\/de\\\/\",\"name\":\"Outdoor Adventure\",\"description\":\"Private Angelausfl\u00fcge mit lokalem Skipper\",\"publisher\":{\"@id\":\"https:\\\/\\\/www.fuertefishing-waterspots.fun\\\/de\\\/#organization\"},\"potentialAction\":[{\"@type\":\"SearchAction\",\"target\":{\"@type\":\"EntryPoint\",\"urlTemplate\":\"https:\\\/\\\/www.fuertefishing-waterspots.fun\\\/de\\\/?s={search_term_string}\"},\"query-input\":{\"@type\":\"PropertyValueSpecification\",\"valueRequired\":true,\"valueName\":\"search_term_string\"}}],\"inLanguage\":\"de\"},{\"@type\":\"Organization\",\"@id\":\"https:\\\/\\\/www.fuertefishing-waterspots.fun\\\/de\\\/#organization\",\"name\":\"Outdoor Adventure\",\"url\":\"https:\\\/\\\/www.fuertefishing-waterspots.fun\\\/de\\\/\",\"logo\":{\"@type\":\"ImageObject\",\"inLanguage\":\"de\",\"@id\":\"https:\\\/\\\/www.fuertefishing-waterspots.fun\\\/de\\\/#\\\/schema\\\/logo\\\/image\\\/\",\"url\":\"https:\\\/\\\/www.fuertefishing-waterspots.fun\\\/wp-content\\\/uploads\\\/2023\\\/07\\\/cropped-cropped-WhatsApp-Image-2023-07-18-at-08.22.23-1.jpeg\",\"contentUrl\":\"https:\\\/\\\/www.fuertefishing-waterspots.fun\\\/wp-content\\\/uploads\\\/2023\\\/07\\\/cropped-cropped-WhatsApp-Image-2023-07-18-at-08.22.23-1.jpeg\",\"width\":306,\"height\":228,\"caption\":\"Outdoor Adventure\"},\"image\":{\"@id\":\"https:\\\/\\\/www.fuertefishing-waterspots.fun\\\/de\\\/#\\\/schema\\\/logo\\\/image\\\/\"},\"sameAs\":[\"https:\\\/\\\/www.facebook.com\\\/people\\\/Kleie-Charters-Fuerteventura\\\/100077742662516\\\/?paipv=0&eav=Afa7-IipvT15Q6PCGgnoon9nKaKHgGxv7Kmga6zd\",\"https:\\\/\\\/www.instagram.com\\\/p\\\/CiD4p0yKtPj\\\/\"]}]}<\/script>\n<!-- \/ Yoast SEO plugin. -->","yoast_head_json":{"title":"Wie man eine Reservierung vornimmt - Angeltouren auf Fuerteventura","description":"Erfahren Sie, wie Sie Ihre Angeltour auf Fuerteventura ganz einfach buchen k\u00f6nnen. Einfacher Buchungsprozess f\u00fcr alle unsere Angelausfl\u00fcge.","robots":{"index":"index","follow":"follow","max-snippet":"max-snippet:-1","max-image-preview":"max-image-preview:large","max-video-preview":"max-video-preview:-1"},"canonical":"https:\/\/www.fuertefishing-waterspots.fun\/de\/wie-man-eine-reservierung-vornimmt\/","og_locale":"de_DE","og_type":"article","og_title":"Wie man eine Reservierung vornimmt - Angeltouren auf Fuerteventura","og_description":"Erfahren Sie, wie Sie Ihre Angeltour auf Fuerteventura ganz einfach buchen k\u00f6nnen. Einfacher Buchungsprozess f\u00fcr alle unsere Angelausfl\u00fcge.","og_url":"https:\/\/www.fuertefishing-waterspots.fun\/de\/wie-man-eine-reservierung-vornimmt\/","og_site_name":"Angeltouren auf Fuerteventura","article_publisher":"https:\/\/www.facebook.com\/people\/Kleie-Charters-Fuerteventura\/100077742662516\/?paipv=0&eav=Afa7-IipvT15Q6PCGgnoon9nKaKHgGxv7Kmga6zd","article_modified_time":"2025-12-06T18:54:27+00:00","twitter_card":"summary_large_image","twitter_misc":{"Gesch\u00e4tzte Lesezeit":"1\u00a0Minute"},"schema":{"@context":"https:\/\/schema.org","@graph":[{"@type":"WebPage","@id":"https:\/\/www.fuertefishing-waterspots.fun\/de\/wie-man-eine-reservierung-vornimmt\/","url":"https:\/\/www.fuertefishing-waterspots.fun\/de\/wie-man-eine-reservierung-vornimmt\/","name":"Wie man eine Reservierung vornimmt - Angeltouren auf Fuerteventura","isPartOf":{"@id":"https:\/\/www.fuertefishing-waterspots.fun\/de\/#website"},"datePublished":"2025-12-06T17:48:26+00:00","dateModified":"2025-12-06T18:54:27+00:00","description":"Erfahren Sie, wie Sie Ihre Angeltour auf Fuerteventura ganz einfach buchen k\u00f6nnen. Einfacher Buchungsprozess f\u00fcr alle unsere Angelausfl\u00fcge.","breadcrumb":{"@id":"https:\/\/www.fuertefishing-waterspots.fun\/de\/wie-man-eine-reservierung-vornimmt\/#breadcrumb"},"inLanguage":"de","potentialAction":[{"@type":"ReadAction","target":["https:\/\/www.fuertefishing-waterspots.fun\/de\/wie-man-eine-reservierung-vornimmt\/"]}]},{"@type":"BreadcrumbList","@id":"https:\/\/www.fuertefishing-waterspots.fun\/de\/wie-man-eine-reservierung-vornimmt\/#breadcrumb","itemListElement":[{"@type":"ListItem","position":1,"name":"Portada","item":"https:\/\/www.fuertefishing-waterspots.fun\/de\/"},{"@type":"ListItem","position":2,"name":"Wie man eine Reservierung vornimmt"}]},{"@type":"WebSite","@id":"https:\/\/www.fuertefishing-waterspots.fun\/de\/#website","url":"https:\/\/www.fuertefishing-waterspots.fun\/de\/","name":"Outdoor Adventure","description":"Private Angelausfl\u00fcge mit lokalem Skipper","publisher":{"@id":"https:\/\/www.fuertefishing-waterspots.fun\/de\/#organization"},"potentialAction":[{"@type":"SearchAction","target":{"@type":"EntryPoint","urlTemplate":"https:\/\/www.fuertefishing-waterspots.fun\/de\/?s={search_term_string}"},"query-input":{"@type":"PropertyValueSpecification","valueRequired":true,"valueName":"search_term_string"}}],"inLanguage":"de"},{"@type":"Organization","@id":"https:\/\/www.fuertefishing-waterspots.fun\/de\/#organization","name":"Outdoor Adventure","url":"https:\/\/www.fuertefishing-waterspots.fun\/de\/","logo":{"@type":"ImageObject","inLanguage":"de","@id":"https:\/\/www.fuertefishing-waterspots.fun\/de\/#\/schema\/logo\/image\/","url":"https:\/\/www.fuertefishing-waterspots.fun\/wp-content\/uploads\/2023\/07\/cropped-cropped-WhatsApp-Image-2023-07-18-at-08.22.23-1.jpeg","contentUrl":"https:\/\/www.fuertefishing-waterspots.fun\/wp-content\/uploads\/2023\/07\/cropped-cropped-WhatsApp-Image-2023-07-18-at-08.22.23-1.jpeg","width":306,"height":228,"caption":"Outdoor Adventure"},"image":{"@id":"https:\/\/www.fuertefishing-waterspots.fun\/de\/#\/schema\/logo\/image\/"},"sameAs":["https:\/\/www.facebook.com\/people\/Kleie-Charters-Fuerteventura\/100077742662516\/?paipv=0&eav=Afa7-IipvT15Q6PCGgnoon9nKaKHgGxv7Kmga6zd","https:\/\/www.instagram.com\/p\/CiD4p0yKtPj\/"]}]}},"_links":{"self":[{"href":"https:\/\/www.fuertefishing-waterspots.fun\/de\/wp-json\/wp\/v2\/pages\/2675","targetHints":{"allow":["GET"]}}],"collection":[{"href":"https:\/\/www.fuertefishing-waterspots.fun\/de\/wp-json\/wp\/v2\/pages"}],"about":[{"href":"https:\/\/www.fuertefishing-waterspots.fun\/de\/wp-json\/wp\/v2\/types\/page"}],"author":[{"embeddable":true,"href":"https:\/\/www.fuertefishing-waterspots.fun\/de\/wp-json\/wp\/v2\/users\/1"}],"replies":[{"embeddable":true,"href":"https:\/\/www.fuertefishing-waterspots.fun\/de\/wp-json\/wp\/v2\/comments?post=2675"}],"version-history":[{"count":1,"href":"https:\/\/www.fuertefishing-waterspots.fun\/de\/wp-json\/wp\/v2\/pages\/2675\/revisions"}],"predecessor-version":[{"id":2676,"href":"https:\/\/www.fuertefishing-waterspots.fun\/de\/wp-json\/wp\/v2\/pages\/2675\/revisions\/2676"}],"wp:attachment":[{"href":"https:\/\/www.fuertefishing-waterspots.fun\/de\/wp-json\/wp\/v2\/media?parent=2675"}],"curies":[{"name":"wp","href":"https:\/\/api.w.org\/{rel}","templated":true}]}}